{"id":7460,"date":"2021-12-21T10:48:15","date_gmt":"2021-12-21T09:48:15","guid":{"rendered":"https:\/\/www.elmiralldistribuciones.com\/blog\/"},"modified":"2021-12-21T10:48:27","modified_gmt":"2021-12-21T09:48:27","slug":"blog","status":"publish","type":"page","link":"https:\/\/www.elmiralldistribuciones.com\/pt-pt\/blog\/","title":{"rendered":"Blog"},"content":{"rendered":"\t\t<div data-elementor-type=\"wp-page\" data-elementor-id=\"7460\" class=\"elementor elementor-7460 elementor-5347\" data-elementor-post-type=\"page\">\n\t\t\t\t\t\t<section data-particle_enable=\"false\" data-particle-mobile-disabled=\"false\" class=\"elementor-section elementor-top-section elementor-element elementor-element-2a24bed elementor-section-boxed elementor-section-height-default elementor-section-height-default\" data-id=\"2a24bed\" data-element_type=\"section\" data-settings=\"{&quot;background_background&quot;:&quot;classic&quot;}\">\n\t\t\t\t\t\t<div class=\"elementor-container elementor-column-gap-default\">\n\t\t\t\t\t<div class=\"elementor-column elementor-col-100 elementor-top-column elementor-element elementor-element-da7ec4a\" data-id=\"da7ec4a\" data-element_type=\"column\">\n\t\t\t<div class=\"elementor-widget-wrap elementor-element-populated\">\n\t\t\t\t\t\t<div class=\"elementor-element elementor-element-9d34ec2 elementor-widget elementor-widget-heading\" data-id=\"9d34ec2\" data-element_type=\"widget\" data-widget_type=\"heading.default\">\n\t\t\t\t<div class=\"elementor-widget-container\">\n\t\t\t<h2 class=\"elementor-heading-title elementor-size-default\">BLOG<\/h2>\t\t<\/div>\n\t\t\t\t<\/div>\n\t\t\t\t<div class=\"elementor-element elementor-element-4089e7e elementor-widget elementor-widget-text-editor\" data-id=\"4089e7e\" data-element_type=\"widget\" data-widget_type=\"text-editor.default\">\n\t\t\t\t<div class=\"elementor-widget-container\">\n\t\t\t\t\t\t\t<div class=\"wpb_column vc_column_container col-sm-8\">\n<div class=\"vc_column-inner md_col-5ef993c4222e7\">\n<div class=\"wpb_wrapper\">\n<div class=\"md-text-container md_text_style-5ef993c42236c md-align-center wpb_wrapper wpb_md_text_wrapper ui-md_text\">\n<div class=\"md-text gizmo-container\">\n<div class=\"md-text-content inline-editor \">\n<p>Fique por dentro das \u00faltimas novidades e promo\u00e7\u00f5es, bem como eventos do setor.<\/p>\n<\/div>\n<\/div>\n<\/div>\n<\/div>\n<\/div>\n<\/div>\n\t\t\t\t\t\t<\/div>\n\t\t\t\t<\/div>\n\t\t\t\t<div class=\"elementor-element elementor-element-30bf091 elementor-grid-eael-col-4 elementor-grid-tablet-eael-col-2 elementor-grid-mobile-eael-col-1 elementor-widget elementor-widget-eael-post-grid\" data-id=\"30bf091\" data-element_type=\"widget\" data-settings=\"{&quot;eael_post_grid_columns&quot;:&quot;eael-col-4&quot;,&quot;eael_post_grid_columns_tablet&quot;:&quot;eael-col-2&quot;,&quot;eael_post_grid_columns_mobile&quot;:&quot;eael-col-1&quot;}\" data-widget_type=\"eael-post-grid.default\">\n\t\t\t\t<div class=\"elementor-widget-container\">\n\t\t\t<div id=\"eael-post-grid-30bf091\" class=\"eael-post-grid-container\">\n            <div class=\"eael-post-grid eael-post-appender eael-post-appender-30bf091 eael-post-grid-style-one\" data-layout-mode=\"masonry\"><p class=\"no-posts-found\">No posts found!<\/p><\/div>\n            <div class=\"clearfix\"><\/div>\n        <\/div>\t\t<\/div>\n\t\t\t\t<\/div>\n\t\t\t\t\t<\/div>\n\t\t<\/div>\n\t\t\t\t\t<\/div>\n\t\t<\/section>\n\t\t\t\t<\/div>\n\t\t","protected":false},"excerpt":{"rendered":"<p>BLOG Fique por dentro das \u00faltimas novidades e promo\u00e7\u00f5es, bem como eventos do setor. Donde podr\u00e1s vernos este 2018 Donde podr\u00e1s vernos este 2018 y alguna nueva incorporaci\u00f3n a nuestras marcas de afeitado, cosm\u00e9tica&#8230; Ler mais Sal\u00f3n Look 2017 y porque no hemos parado hasta ahora Estuvimos de nuevo en Sal\u00f3n Look 2017 pero este &#8230; <a title=\"Blog\" class=\"read-more\" href=\"https:\/\/www.elmiralldistribuciones.com\/pt-pt\/blog\/\" aria-label=\"Leia mais sobre Blog\">Ler mais<\/a><\/p>\n","protected":false},"author":3,"featured_media":0,"parent":0,"menu_order":0,"comment_status":"closed","ping_status":"closed","template":"elementor_header_footer","meta":{"footnotes":""},"class_list":["post-7460","page","type-page","status-publish"],"yoast_head":"<!-- This site is optimized with the Yoast SEO plugin v24.0 - https:\/\/yoast.com\/wordpress\/plugins\/seo\/ -->\n<title>Blog | El Mirall Distribuciones<\/title>\n<meta name=\"robots\" content=\"index, follow, max-snippet:-1, max-image-preview:large, max-video-preview:-1\" \/>\n<link rel=\"canonical\" href=\"https:\/\/www.elmiralldistribuciones.com\/pt-pt\/blog\/\" \/>\n<meta property=\"og:locale\" content=\"pt_PT\" \/>\n<meta property=\"og:type\" content=\"article\" \/>\n<meta property=\"og:title\" content=\"Blog | El Mirall Distribuciones\" \/>\n<meta property=\"og:description\" content=\"BLOG Fique por dentro das \u00faltimas novidades e promo\u00e7\u00f5es, bem como eventos do setor. Donde podr\u00e1s vernos este 2018 Donde podr\u00e1s vernos este 2018 y alguna nueva incorporaci\u00f3n a nuestras marcas de afeitado, cosm\u00e9tica&#8230; Ler mais Sal\u00f3n Look 2017 y porque no hemos parado hasta ahora Estuvimos de nuevo en Sal\u00f3n Look 2017 pero este ... Ler mais\" \/>\n<meta property=\"og:url\" content=\"https:\/\/www.elmiralldistribuciones.com\/pt-pt\/blog\/\" \/>\n<meta property=\"og:site_name\" content=\"El Mirall Distribuciones\" \/>\n<meta property=\"article:publisher\" content=\"https:\/\/www.facebook.com\/elmiralldistribuciones\/\" \/>\n<meta property=\"article:modified_time\" content=\"2021-12-21T09:48:27+00:00\" \/>\n<meta property=\"og:image\" content=\"https:\/\/www.elmiralldistribuciones.com\/pruebas\/wp-content\/uploads\/2018\/01\/eventos-2018-300x237.jpg\" \/>\n<meta name=\"twitter:card\" content=\"summary_large_image\" \/>\n<meta name=\"twitter:label1\" content=\"Tempo estimado de leitura\" \/>\n\t<meta name=\"twitter:data1\" content=\"2 minutos\" \/>\n<!-- \/ Yoast SEO plugin. -->","yoast_head_json":{"title":"Blog | El Mirall Distribuciones","robots":{"index":"index","follow":"follow","max-snippet":"max-snippet:-1","max-image-preview":"max-image-preview:large","max-video-preview":"max-video-preview:-1"},"canonical":"https:\/\/www.elmiralldistribuciones.com\/pt-pt\/blog\/","og_locale":"pt_PT","og_type":"article","og_title":"Blog | El Mirall Distribuciones","og_description":"BLOG Fique por dentro das \u00faltimas novidades e promo\u00e7\u00f5es, bem como eventos do setor. Donde podr\u00e1s vernos este 2018 Donde podr\u00e1s vernos este 2018 y alguna nueva incorporaci\u00f3n a nuestras marcas de afeitado, cosm\u00e9tica&#8230; Ler mais Sal\u00f3n Look 2017 y porque no hemos parado hasta ahora Estuvimos de nuevo en Sal\u00f3n Look 2017 pero este ... Ler mais","og_url":"https:\/\/www.elmiralldistribuciones.com\/pt-pt\/blog\/","og_site_name":"El Mirall Distribuciones","article_publisher":"https:\/\/www.facebook.com\/elmiralldistribuciones\/","article_modified_time":"2021-12-21T09:48:27+00:00","og_image":[{"url":"https:\/\/www.elmiralldistribuciones.com\/pruebas\/wp-content\/uploads\/2018\/01\/eventos-2018-300x237.jpg","type":"","width":"","height":""}],"twitter_card":"summary_large_image","twitter_misc":{"Tempo estimado de leitura":"2 minutos"},"schema":{"@context":"https:\/\/schema.org","@graph":[{"@type":"WebPage","@id":"https:\/\/www.elmiralldistribuciones.com\/pt-pt\/blog\/","url":"https:\/\/www.elmiralldistribuciones.com\/pt-pt\/blog\/","name":"Blog | El Mirall Distribuciones","isPartOf":{"@id":"https:\/\/www.elmiralldistribuciones.com\/pt-pt\/#website"},"primaryImageOfPage":{"@id":"https:\/\/www.elmiralldistribuciones.com\/pt-pt\/blog\/#primaryimage"},"image":{"@id":"https:\/\/www.elmiralldistribuciones.com\/pt-pt\/blog\/#primaryimage"},"thumbnailUrl":"https:\/\/www.elmiralldistribuciones.com\/pruebas\/wp-content\/uploads\/2018\/01\/eventos-2018-300x237.jpg","datePublished":"2021-12-21T09:48:15+00:00","dateModified":"2021-12-21T09:48:27+00:00","breadcrumb":{"@id":"https:\/\/www.elmiralldistribuciones.com\/pt-pt\/blog\/#breadcrumb"},"inLanguage":"pt-PT","potentialAction":[{"@type":"ReadAction","target":["https:\/\/www.elmiralldistribuciones.com\/pt-pt\/blog\/"]}]},{"@type":"ImageObject","inLanguage":"pt-PT","@id":"https:\/\/www.elmiralldistribuciones.com\/pt-pt\/blog\/#primaryimage","url":"https:\/\/www.elmiralldistribuciones.com\/pruebas\/wp-content\/uploads\/2018\/01\/eventos-2018-300x237.jpg","contentUrl":"https:\/\/www.elmiralldistribuciones.com\/pruebas\/wp-content\/uploads\/2018\/01\/eventos-2018-300x237.jpg"},{"@type":"BreadcrumbList","@id":"https:\/\/www.elmiralldistribuciones.com\/pt-pt\/blog\/#breadcrumb","itemListElement":[{"@type":"ListItem","position":1,"name":"Portada","item":"https:\/\/www.elmiralldistribuciones.com\/pt-pt\/"},{"@type":"ListItem","position":2,"name":"Blog"}]},{"@type":"WebSite","@id":"https:\/\/www.elmiralldistribuciones.com\/pt-pt\/#website","url":"https:\/\/www.elmiralldistribuciones.com\/pt-pt\/","name":"El Mirall Distribuciones","description":"Distribui\u00e7\u00e3o de produtos de barbear, cosm\u00e9ticos e barbearia.","publisher":{"@id":"https:\/\/www.elmiralldistribuciones.com\/pt-pt\/#organization"},"potentialAction":[{"@type":"SearchAction","target":{"@type":"EntryPoint","urlTemplate":"https:\/\/www.elmiralldistribuciones.com\/pt-pt\/?s={search_term_string}"},"query-input":{"@type":"PropertyValueSpecification","valueRequired":true,"valueName":"search_term_string"}}],"inLanguage":"pt-PT"},{"@type":"Organization","@id":"https:\/\/www.elmiralldistribuciones.com\/pt-pt\/#organization","name":"El Mirall Distribuciones","url":"https:\/\/www.elmiralldistribuciones.com\/pt-pt\/","logo":{"@type":"ImageObject","inLanguage":"pt-PT","@id":"https:\/\/www.elmiralldistribuciones.com\/pt-pt\/#\/schema\/logo\/image\/","url":"https:\/\/www.elmiralldistribuciones.com\/wp-content\/uploads\/2016\/12\/logo-cuadrado-elmirall.jpg","contentUrl":"https:\/\/www.elmiralldistribuciones.com\/wp-content\/uploads\/2016\/12\/logo-cuadrado-elmirall.jpg","width":512,"height":512,"caption":"El Mirall Distribuciones"},"image":{"@id":"https:\/\/www.elmiralldistribuciones.com\/pt-pt\/#\/schema\/logo\/image\/"},"sameAs":["https:\/\/www.facebook.com\/elmiralldistribuciones\/","https:\/\/www.instagram.com\/elmiralldistribuciones\/","https:\/\/www.youtube.com\/channel\/UCZ-qeZMG0Wpl30JliLqZtJA"]}]}},"_links":{"self":[{"href":"https:\/\/www.elmiralldistribuciones.com\/pt-pt\/wp-json\/wp\/v2\/pages\/7460","targetHints":{"allow":["GET"]}}],"collection":[{"href":"https:\/\/www.elmiralldistribuciones.com\/pt-pt\/wp-json\/wp\/v2\/pages"}],"about":[{"href":"https:\/\/www.elmiralldistribuciones.com\/pt-pt\/wp-json\/wp\/v2\/types\/page"}],"author":[{"embeddable":true,"href":"https:\/\/www.elmiralldistribuciones.com\/pt-pt\/wp-json\/wp\/v2\/users\/3"}],"replies":[{"embeddable":true,"href":"https:\/\/www.elmiralldistribuciones.com\/pt-pt\/wp-json\/wp\/v2\/comments?post=7460"}],"version-history":[{"count":0,"href":"https:\/\/www.elmiralldistribuciones.com\/pt-pt\/wp-json\/wp\/v2\/pages\/7460\/revisions"}],"wp:attachment":[{"href":"https:\/\/www.elmiralldistribuciones.com\/pt-pt\/wp-json\/wp\/v2\/media?parent=7460"}],"curies":[{"name":"wp","href":"https:\/\/api.w.org\/{rel}","templated":true}]}}