{"id":7464,"date":"2021-12-21T10:49:59","date_gmt":"2021-12-21T09:49:59","guid":{"rendered":"https:\/\/www.elmiralldistribuciones.com\/contato\/"},"modified":"2021-12-21T13:47:27","modified_gmt":"2021-12-21T12:47:27","slug":"contato","status":"publish","type":"page","link":"https:\/\/www.elmiralldistribuciones.com\/pt-pt\/contato\/","title":{"rendered":"Contato"},"content":{"rendered":"\t\t<div data-elementor-type=\"wp-page\" data-elementor-id=\"7464\" class=\"elementor elementor-7464 elementor-5353\" data-elementor-post-type=\"page\">\n\t\t\t\t\t\t<section data-particle_enable=\"false\" data-particle-mobile-disabled=\"false\" class=\"elementor-section elementor-top-section elementor-element elementor-element-2a24bed elementor-section-boxed elementor-section-height-default elementor-section-height-default\" data-id=\"2a24bed\" data-element_type=\"section\" data-settings=\"{&quot;background_background&quot;:&quot;classic&quot;}\">\n\t\t\t\t\t\t\t<div class=\"elementor-background-overlay\"><\/div>\n\t\t\t\t\t\t\t<div class=\"elementor-container elementor-column-gap-default\">\n\t\t\t\t\t<div class=\"elementor-column elementor-col-100 elementor-top-column elementor-element elementor-element-da7ec4a\" data-id=\"da7ec4a\" data-element_type=\"column\">\n\t\t\t<div class=\"elementor-widget-wrap elementor-element-populated\">\n\t\t\t\t\t\t<div class=\"elementor-element elementor-element-9d34ec2 elementor-widget elementor-widget-heading\" data-id=\"9d34ec2\" data-element_type=\"widget\" data-widget_type=\"heading.default\">\n\t\t\t\t<div class=\"elementor-widget-container\">\n\t\t\t<h2 class=\"elementor-heading-title elementor-size-default\">CONTATO<\/h2>\t\t<\/div>\n\t\t\t\t<\/div>\n\t\t\t\t<div class=\"elementor-element elementor-element-4089e7e elementor-widget elementor-widget-text-editor\" data-id=\"4089e7e\" data-element_type=\"widget\" data-widget_type=\"text-editor.default\">\n\t\t\t\t<div class=\"elementor-widget-container\">\n\t\t\t\t\t\t\t<div class=\"wpb_column vc_column_container col-sm-8\">\n<div class=\"vc_column-inner md_col-5ef993c4222e7\">\n<div class=\"wpb_wrapper\">\n<div class=\"md-text-container md_text_style-5ef993c42236c md-align-center wpb_wrapper wpb_md_text_wrapper ui-md_text\">\n<div class=\"md-text gizmo-container\">\n<div class=\"md-text-content inline-editor \">\n<p>Estamos aqui para ajud\u00e1-lo no que for necess\u00e1rio.<\/p>\n<\/div>\n<\/div>\n<\/div>\n<\/div>\n<\/div>\n<\/div>\n\t\t\t\t\t\t<\/div>\n\t\t\t\t<\/div>\n\t\t\t\t<div class=\"elementor-element elementor-element-ffdf430 elementor-widget elementor-widget-text-editor\" data-id=\"ffdf430\" data-element_type=\"widget\" data-widget_type=\"text-editor.default\">\n\t\t\t\t<div class=\"elementor-widget-container\">\n\t\t\t\t\t\t\t<p><i class=\"fas fa-map-marker-alt\"><\/i> Calle Corretger n\u00ba65, nave 65-5 46980, Paterna, Val\u00eancia (Espanha)<br \/><a style=\"color: #7a7a7a;\" href=\"tel:+34963385962\">Telefone: (+34) 963 38 59 62<\/a><br \/>Whatsapp: <a style=\"color: #7a7a7a;\" href=\"https:\/\/api.whatsapp.com\/send?phone=34680669111\">(+34) 680 669 111<\/a><\/p>\n\t\t\t\t\t\t<\/div>\n\t\t\t\t<\/div>\n\t\t\t\t<div class=\"elementor-element elementor-element-a7f037b elementor-widget elementor-widget-shortcode\" data-id=\"a7f037b\" data-element_type=\"widget\" data-widget_type=\"shortcode.default\">\n\t\t\t\t<div class=\"elementor-widget-container\">\n\t\t\t\t\t<div class=\"elementor-shortcode\">\n<div class=\"wpcf7 no-js\" id=\"wpcf7-f7523-o1\" lang=\"pt-PT\" dir=\"ltr\" data-wpcf7-id=\"7523\">\n<div class=\"screen-reader-response\"><p role=\"status\" aria-live=\"polite\" aria-atomic=\"true\"><\/p> <ul><\/ul><\/div>\n<form action=\"\/pt-pt\/wp-json\/wp\/v2\/pages\/7464#wpcf7-f7523-o1\" method=\"post\" class=\"wpcf7-form init\" aria-label=\"Formul\u00e1rio de contacto\" novalidate=\"novalidate\" data-status=\"init\">\n<div style=\"display: none;\">\n<input type=\"hidden\" name=\"_wpcf7\" value=\"7523\" \/>\n<input type=\"hidden\" name=\"_wpcf7_version\" value=\"6.0.1\" \/>\n<input type=\"hidden\" name=\"_wpcf7_locale\" value=\"pt_PT\" \/>\n<input type=\"hidden\" name=\"_wpcf7_unit_tag\" value=\"wpcf7-f7523-o1\" \/>\n<input type=\"hidden\" name=\"_wpcf7_container_post\" value=\"0\" \/>\n<input type=\"hidden\" name=\"_wpcf7_posted_data_hash\" value=\"\" \/>\n<input type=\"hidden\" name=\"_wpcf7_recaptcha_response\" value=\"\" \/>\n<\/div>\n<div id=\"responsive-form\" class=\"clearfix\">\n\t<div class=\"form-row\">\n\t\t<div class=\"column-half\">\n\t\t\t<p><label> Selecione o departamento<br \/>\n<span class=\"wpcf7-form-control-wrap\" data-name=\"menu-650\"><select class=\"wpcf7-form-control wpcf7-select wpcf7-validates-as-required\" aria-required=\"true\" aria-invalid=\"false\" name=\"menu-650\"><option value=\"Vendas Espanha\">Vendas Espanha<\/option><option value=\"Vendas Portugal\">Vendas Portugal<\/option><option value=\"Resto de vendas of the World\">Resto de vendas of the World<\/option><option value=\"Parafarm\u00e1cia\">Parafarm\u00e1cia<\/option><option value=\"Compras\">Compras<\/option><\/select><\/span><\/label>\n\t\t\t<\/p>\n\t\t<\/div>\n\t\t<div class=\"column-half\">\n\t\t\t<p><label> Teu nome<br \/>\n<span class=\"wpcf7-form-control-wrap\" data-name=\"your-name\"><input size=\"40\" maxlength=\"400\" class=\"wpcf7-form-control wpcf7-text wpcf7-validates-as-required\" aria-required=\"true\" aria-invalid=\"false\" value=\"\" type=\"text\" name=\"your-name\" \/><\/span> <\/label>\n\t\t\t<\/p>\n\t\t<\/div>\n\t<\/div>\n\t<div class=\"form-row\">\n\t\t<div class=\"column-half\">\n\t\t\t<p><label>Teu e-mail<br \/>\n<span class=\"wpcf7-form-control-wrap\" data-name=\"your-email\"><input size=\"40\" maxlength=\"400\" class=\"wpcf7-form-control wpcf7-email wpcf7-validates-as-required wpcf7-text wpcf7-validates-as-email\" aria-required=\"true\" aria-invalid=\"false\" value=\"\" type=\"email\" name=\"your-email\" \/><\/span> <\/label>\n\t\t\t<\/p>\n\t\t<\/div>\n\t\t<div class=\"column-half\">\n\t\t\t<p><label> Assunto<br \/>\n<span class=\"wpcf7-form-control-wrap\" data-name=\"your-subject\"><input size=\"40\" maxlength=\"400\" class=\"wpcf7-form-control wpcf7-text wpcf7-validates-as-required\" aria-required=\"true\" aria-invalid=\"false\" value=\"\" type=\"text\" name=\"your-subject\" \/><\/span> <\/label>\n\t\t\t<\/p>\n\t\t<\/div>\n\t<\/div>\n\t<div class=\"form-row\">\n\t\t<div class=\"column-full\">\n\t\t\t<p><label> Sua mensagem <span class=\"wpcf7-form-control-wrap\" data-name=\"your-message\"><textarea cols=\"40\" rows=\"10\" maxlength=\"2000\" class=\"wpcf7-form-control wpcf7-textarea wpcf7-validates-as-required\" aria-required=\"true\" aria-invalid=\"false\" name=\"your-message\"><\/textarea><\/span> <\/label>\n\t\t\t<\/p>\n\t\t<\/div>\n\t<\/div>\n\t<div class=\"form-row\">\n\t\t<div class=\"column-full\">\n\t\t\t<p><span class=\"wpcf7-form-control-wrap\" data-name=\"acceptance-891\"><span class=\"wpcf7-form-control wpcf7-acceptance\"><span class=\"wpcf7-list-item\"><label><input type=\"checkbox\" name=\"acceptance-891\" value=\"1\" aria-invalid=\"false\" \/><span class=\"wpcf7-list-item-label\">Aceito a pol\u00edtica de <a href=\"http:\/\/www.elmiralldistribuciones.com\/politica-de-privacidad\/\">privacidade.<\/a><\/span><\/label><\/span><\/span><\/span>\n\t\t\t<\/p>\n\t\t<\/div>\n\t<\/div>\n\n\t<div class=\"form-row\">\n\t\t<div class=\"column-full\">\n\t\t\t<p><input class=\"wpcf7-form-control wpcf7-submit has-spinner\" type=\"submit\" value=\"Enviar\" \/>\n\t\t\t<\/p>\n\t\t<\/div>\n\t<\/div>\n<\/div><div class=\"wpcf7-response-output\" aria-hidden=\"true\"><\/div>\n<\/form>\n<\/div>\n<\/div>\n\t\t\t\t<\/div>\n\t\t\t\t<\/div>\n\t\t\t\t<div class=\"elementor-element elementor-element-2fb2244 elementor-widget elementor-widget-text-editor\" data-id=\"2fb2244\" data-element_type=\"widget\" data-widget_type=\"text-editor.default\">\n\t\t\t\t<div class=\"elementor-widget-container\">\n\t\t\t\t\t\t\t<div><span class=\"\"><strong>Respons\u00e1vel:<\/strong> El Mirall-Online, S.L., (DISTRIBUI\u00c7\u00c3O EL MIRALL)<\/span><\/div>\n<div><span class=\"\"><strong>Finalidade:<\/strong> Obtendo o seu consentimento para responder \u00e0s perguntas que nos faz atrav\u00e9s do nosso formul\u00e1rio de contacto.<\/span><\/div>\n<div><span class=\"\"><strong>Legitima\u00e7\u00e3o:<\/strong> Consentimento da parte interessada.<\/span><\/div>\n<div><span class=\"\"><strong>Destinat\u00e1rios:<\/strong> Nenhum dado ser\u00e1 transferido para terceiros, exceto obriga\u00e7\u00e3o legal.<\/span><\/div>\n<div><span class=\"\"><strong>Direitos:<\/strong> Aceder, retificar e apagar dados, bem como outros direitos, como explicado na nossa Pol\u00edtica de Privacidade<\/span><\/div>\n\t\t\t\t\t\t<\/div>\n\t\t\t\t<\/div>\n\t\t\t\t\t<\/div>\n\t\t<\/div>\n\t\t\t\t\t<\/div>\n\t\t<\/section>\n\t\t\t\t<\/div>\n\t\t","protected":false},"excerpt":{"rendered":"<p>CONTATO Estamos aqui para ajud\u00e1-lo no que for necess\u00e1rio. Calle Corretger n\u00ba65, nave 65-5 46980, Paterna, Val\u00eancia (Espanha)Telefone: (+34) 963 38 59 62Whatsapp: (+34) 680 669 111 Respons\u00e1vel: El Mirall-Online, S.L., (DISTRIBUI\u00c7\u00c3O EL MIRALL) Finalidade: Obtendo o seu consentimento para responder \u00e0s perguntas que nos faz atrav\u00e9s do nosso formul\u00e1rio de contacto. Legitima\u00e7\u00e3o: Consentimento da &#8230; <a title=\"Contato\" class=\"read-more\" href=\"https:\/\/www.elmiralldistribuciones.com\/pt-pt\/contato\/\" aria-label=\"Leia mais sobre Contato\">Ler mais<\/a><\/p>\n","protected":false},"author":3,"featured_media":0,"parent":0,"menu_order":0,"comment_status":"closed","ping_status":"closed","template":"elementor_header_footer","meta":{"footnotes":""},"class_list":["post-7464","page","type-page","status-publish"],"yoast_head":"<!-- This site is optimized with the Yoast SEO plugin v24.0 - https:\/\/yoast.com\/wordpress\/plugins\/seo\/ -->\n<title>Contato | El Mirall Distribuciones<\/title>\n<meta name=\"robots\" content=\"index, follow, max-snippet:-1, max-image-preview:large, max-video-preview:-1\" \/>\n<link rel=\"canonical\" href=\"https:\/\/www.elmiralldistribuciones.com\/pt-pt\/contato\/\" \/>\n<meta property=\"og:locale\" content=\"pt_PT\" \/>\n<meta property=\"og:type\" content=\"article\" \/>\n<meta property=\"og:title\" content=\"Contato | El Mirall Distribuciones\" \/>\n<meta property=\"og:description\" content=\"CONTATO Estamos aqui para ajud\u00e1-lo no que for necess\u00e1rio. Calle Corretger n\u00ba65, nave 65-5 46980, Paterna, Val\u00eancia (Espanha)Telefone: (+34) 963 38 59 62Whatsapp: (+34) 680 669 111 Respons\u00e1vel: El Mirall-Online, S.L., (DISTRIBUI\u00c7\u00c3O EL MIRALL) Finalidade: Obtendo o seu consentimento para responder \u00e0s perguntas que nos faz atrav\u00e9s do nosso formul\u00e1rio de contacto. Legitima\u00e7\u00e3o: Consentimento da ... Ler mais\" \/>\n<meta property=\"og:url\" content=\"https:\/\/www.elmiralldistribuciones.com\/pt-pt\/contato\/\" \/>\n<meta property=\"og:site_name\" content=\"El Mirall Distribuciones\" \/>\n<meta property=\"article:publisher\" content=\"https:\/\/www.facebook.com\/elmiralldistribuciones\/\" \/>\n<meta property=\"article:modified_time\" content=\"2021-12-21T12:47:27+00:00\" \/>\n<meta name=\"twitter:card\" content=\"summary_large_image\" \/>\n<!-- \/ Yoast SEO plugin. -->","yoast_head_json":{"title":"Contato | El Mirall Distribuciones","robots":{"index":"index","follow":"follow","max-snippet":"max-snippet:-1","max-image-preview":"max-image-preview:large","max-video-preview":"max-video-preview:-1"},"canonical":"https:\/\/www.elmiralldistribuciones.com\/pt-pt\/contato\/","og_locale":"pt_PT","og_type":"article","og_title":"Contato | El Mirall Distribuciones","og_description":"CONTATO Estamos aqui para ajud\u00e1-lo no que for necess\u00e1rio. Calle Corretger n\u00ba65, nave 65-5 46980, Paterna, Val\u00eancia (Espanha)Telefone: (+34) 963 38 59 62Whatsapp: (+34) 680 669 111 Respons\u00e1vel: El Mirall-Online, S.L., (DISTRIBUI\u00c7\u00c3O EL MIRALL) Finalidade: Obtendo o seu consentimento para responder \u00e0s perguntas que nos faz atrav\u00e9s do nosso formul\u00e1rio de contacto. Legitima\u00e7\u00e3o: Consentimento da ... Ler mais","og_url":"https:\/\/www.elmiralldistribuciones.com\/pt-pt\/contato\/","og_site_name":"El Mirall Distribuciones","article_publisher":"https:\/\/www.facebook.com\/elmiralldistribuciones\/","article_modified_time":"2021-12-21T12:47:27+00:00","twitter_card":"summary_large_image","schema":{"@context":"https:\/\/schema.org","@graph":[{"@type":"WebPage","@id":"https:\/\/www.elmiralldistribuciones.com\/pt-pt\/contato\/","url":"https:\/\/www.elmiralldistribuciones.com\/pt-pt\/contato\/","name":"Contato | El Mirall Distribuciones","isPartOf":{"@id":"https:\/\/www.elmiralldistribuciones.com\/pt-pt\/#website"},"datePublished":"2021-12-21T09:49:59+00:00","dateModified":"2021-12-21T12:47:27+00:00","breadcrumb":{"@id":"https:\/\/www.elmiralldistribuciones.com\/pt-pt\/contato\/#breadcrumb"},"inLanguage":"pt-PT","potentialAction":[{"@type":"ReadAction","target":["https:\/\/www.elmiralldistribuciones.com\/pt-pt\/contato\/"]}]},{"@type":"BreadcrumbList","@id":"https:\/\/www.elmiralldistribuciones.com\/pt-pt\/contato\/#breadcrumb","itemListElement":[{"@type":"ListItem","position":1,"name":"Portada","item":"https:\/\/www.elmiralldistribuciones.com\/pt-pt\/"},{"@type":"ListItem","position":2,"name":"Contato"}]},{"@type":"WebSite","@id":"https:\/\/www.elmiralldistribuciones.com\/pt-pt\/#website","url":"https:\/\/www.elmiralldistribuciones.com\/pt-pt\/","name":"El Mirall Distribuciones","description":"Distribui\u00e7\u00e3o de produtos de barbear, cosm\u00e9ticos e barbearia.","publisher":{"@id":"https:\/\/www.elmiralldistribuciones.com\/pt-pt\/#organization"},"potentialAction":[{"@type":"SearchAction","target":{"@type":"EntryPoint","urlTemplate":"https:\/\/www.elmiralldistribuciones.com\/pt-pt\/?s={search_term_string}"},"query-input":{"@type":"PropertyValueSpecification","valueRequired":true,"valueName":"search_term_string"}}],"inLanguage":"pt-PT"},{"@type":"Organization","@id":"https:\/\/www.elmiralldistribuciones.com\/pt-pt\/#organization","name":"El Mirall Distribuciones","url":"https:\/\/www.elmiralldistribuciones.com\/pt-pt\/","logo":{"@type":"ImageObject","inLanguage":"pt-PT","@id":"https:\/\/www.elmiralldistribuciones.com\/pt-pt\/#\/schema\/logo\/image\/","url":"https:\/\/www.elmiralldistribuciones.com\/wp-content\/uploads\/2016\/12\/logo-cuadrado-elmirall.jpg","contentUrl":"https:\/\/www.elmiralldistribuciones.com\/wp-content\/uploads\/2016\/12\/logo-cuadrado-elmirall.jpg","width":512,"height":512,"caption":"El Mirall Distribuciones"},"image":{"@id":"https:\/\/www.elmiralldistribuciones.com\/pt-pt\/#\/schema\/logo\/image\/"},"sameAs":["https:\/\/www.facebook.com\/elmiralldistribuciones\/","https:\/\/www.instagram.com\/elmiralldistribuciones\/","https:\/\/www.youtube.com\/channel\/UCZ-qeZMG0Wpl30JliLqZtJA"]}]}},"_links":{"self":[{"href":"https:\/\/www.elmiralldistribuciones.com\/pt-pt\/wp-json\/wp\/v2\/pages\/7464","targetHints":{"allow":["GET"]}}],"collection":[{"href":"https:\/\/www.elmiralldistribuciones.com\/pt-pt\/wp-json\/wp\/v2\/pages"}],"about":[{"href":"https:\/\/www.elmiralldistribuciones.com\/pt-pt\/wp-json\/wp\/v2\/types\/page"}],"author":[{"embeddable":true,"href":"https:\/\/www.elmiralldistribuciones.com\/pt-pt\/wp-json\/wp\/v2\/users\/3"}],"replies":[{"embeddable":true,"href":"https:\/\/www.elmiralldistribuciones.com\/pt-pt\/wp-json\/wp\/v2\/comments?post=7464"}],"version-history":[{"count":0,"href":"https:\/\/www.elmiralldistribuciones.com\/pt-pt\/wp-json\/wp\/v2\/pages\/7464\/revisions"}],"wp:attachment":[{"href":"https:\/\/www.elmiralldistribuciones.com\/pt-pt\/wp-json\/wp\/v2\/media?parent=7464"}],"curies":[{"name":"wp","href":"https:\/\/api.w.org\/{rel}","templated":true}]}}