{"id":7491,"date":"2021-12-21T12:22:15","date_gmt":"2021-12-21T11:22:15","guid":{"rendered":"https:\/\/www.elmiralldistribuciones.com\/aviso-legal\/"},"modified":"2021-12-21T12:22:15","modified_gmt":"2021-12-21T11:22:15","slug":"aviso-legal","status":"publish","type":"page","link":"https:\/\/www.elmiralldistribuciones.com\/pt-pt\/aviso-legal\/","title":{"rendered":"Aviso Legal"},"content":{"rendered":"<h1><b>AVISO LEGAL<\/b><\/h1>\n<h3><b>Detalhes do propriet\u00e1rio:<\/b><\/h3>\n<p>De acordo com o disposto na Lei dos Servi\u00e7os da Sociedade da Informa\u00e7\u00e3o (LSSI), os utilizadores de <b>www.elmiralldistribuciones.com\/pruebas<\/b> (doravante, A.C. ) s\u00e3o informados de que estes s\u00e3o os dados do propriet\u00e1rio deste website:<br \/>\n.Nome: El Mirall-Online, S.L. (doravante, ELMIRALL)<br \/>\n.C.I.F: B98410038<br \/>\n.Endere\u00e7o: Calle La Costera n\u00ba 2 D-10 de 46015 Valencia<br \/>\n.Telefone para contato: (+ 34) 963 385 962<br \/>\n.E-mail de contato: comercial@elmiralldistribuciones.com<br \/>\nNeste espa\u00e7o, o usu\u00e1rio encontrar\u00e1 todas as informa\u00e7\u00f5es sobre os termos e condi\u00e7\u00f5es legais que definem as rela\u00e7\u00f5es entre eles e a ELMIRALL como respons\u00e1veis \u200b\u200bpela WEB.<br \/>\nComo usu\u00e1rio, \u00e9 importante que voc\u00ea conhe\u00e7a esses termos antes de continuar sua navega\u00e7\u00e3o.<br \/>\nA ELMIRALL, como respons\u00e1vel pela WEB, assume o compromisso de tratar a informa\u00e7\u00e3o dos nossos utilizadores e clientes com todas as garantias e cumprir os requisitos nacionais e europeus que regulam a recolha e utiliza\u00e7\u00e3o dos dados pessoais dos nossos utilizadores.<br \/>\nA WEB, portanto, cumpre rigorosamente o RGPD (REGULAMENTO (UE) 2016\/679 sobre prote\u00e7\u00e3o de dados) e a LSSI-CE (Lei 34\/2002, de 11 de julho, sobre Servi\u00e7os da Sociedade da Informa\u00e7\u00e3o e Com\u00e9rcio eletr\u00f4nico).<\/p>\n<h3><b><br \/>Condi\u00e7\u00f5es gerais de uso:<\/b><\/h3>\n<h3>As presentes Condi\u00e7\u00f5es Gerais regulam a utiliza\u00e7\u00e3o (incluindo o mero acesso) das p\u00e1ginas que integram A WEB, incluindo os conte\u00fados e servi\u00e7os nelas disponibilizados. Qualquer pessoa que aceda ao WEBSITE compromete-se a submeter-se \u00e0s Condi\u00e7\u00f5es Gerais em vigor em todo o momento nele.<\/h3>\n<h3><b>Dados pessoais que coletamos e como o fazemos:<\/b><\/h3>\n<p>Veja nossa Pol\u00edtica de Privacidade<\/p>\n<h3><b><br \/>Compromissos e obriga\u00e7\u00f5es:<\/b><\/h3>\n<p>O utilizador \u00e9 informado e aceita que o acesso \u00e0 THE WEB n\u00e3o implica, de forma alguma, o in\u00edcio de uma rela\u00e7\u00e3o comercial com a ELMIRALL.<br \/>\nDesta forma, o usu\u00e1rio se compromete a utilizar a WEB, seus servi\u00e7os e conte\u00fados sem violar a legisla\u00e7\u00e3o vigente, a boa-f\u00e9 e a ordem p\u00fablica.<br \/>\n\u00c9 proibida a utiliza\u00e7\u00e3o do SITE, para fins ilegais ou lesivos, ou que, de qualquer forma, possa causar danos ou impedir o seu funcionamento normal.<br \/>\nQuanto ao conte\u00fado, \u00e9 proibido:<br \/>\n\u2022 Sua reprodu\u00e7\u00e3o, distribui\u00e7\u00e3o ou modifica\u00e7\u00e3o, no todo ou em parte, a menos que autorizada por seus leg\u00edtimos propriet\u00e1rios.<br \/>\n\u2022 Qualquer viola\u00e7\u00e3o dos direitos do provedor ou dos leg\u00edtimos propriet\u00e1rios.<br \/>\n\u2022 Seu uso para fins comerciais ou publicit\u00e1rios.<br \/>\nNa utiliza\u00e7\u00e3o do SITE, o utilizador concorda em n\u00e3o realizar qualquer conduta que possa prejudicar a imagem, interesses e direitos da ELMIRALL ou de terceiros ou que possa danificar, inutilizar ou sobrecarregar O SITE ou que possa impedir, de qualquer forma, a sua uso normal.<br \/>\nNo entanto, o usu\u00e1rio deve estar ciente de que as medidas de seguran\u00e7a dos sistemas de computador na Internet n\u00e3o s\u00e3o totalmente confi\u00e1veis \u200b\u200be, portanto, a ELMIRALL n\u00e3o pode garantir a aus\u00eancia de v\u00edrus ou outros elementos que possam causar altera\u00e7\u00f5es nos sistemas de computador do usu\u00e1rio. documentos e arquivos neles contidos.<\/p>\n<h3><b><br \/>Medidas de seguran\u00e7a:<\/b><\/h3>\n<p>Os dados pessoais comunicados pelo utilizador \u00e0 ELMIRALL podem ser armazenados em bases de dados automatizadas ou n\u00e3o, cuja titularidade corresponde exclusivamente \u00e0 ELMIRALL, assumindo-se todas as medidas t\u00e9cnicas, organizacionais e de seguran\u00e7a que garantam a confidencialidade, integridade e qualidade das informa\u00e7\u00f5es nelas contidas de acordo com as disposi\u00e7\u00f5es dos regulamentos atuais de prote\u00e7\u00e3o de dados.<br \/>\nA comunica\u00e7\u00e3o entre usu\u00e1rios e ELMIRALL utiliza um canal seguro, e os dados transmitidos s\u00e3o criptografados gra\u00e7as aos protocolos HTTPS. Portanto, garantimos as melhores condi\u00e7\u00f5es de seguran\u00e7a para que seja garantida a confidencialidade dos usu\u00e1rios.<\/p>\n<h3><b><br \/>Reivindica\u00e7\u00f5es:<\/b><\/h3>\n<p>O utilizador pode reclamar enviando um email para comercial@elmiralldistribuciones.com indicando o seu nome e apelido, o servi\u00e7o adquirido e explicando os motivos da reclama\u00e7\u00e3o.<\/p>\n<h3><b><br \/>Plataforma de resolu\u00e7\u00e3o de conflitos:<\/b><\/h3>\n<p>No caso de lhe interessar, para apresentar as suas reclama\u00e7\u00f5es pode tamb\u00e9m utilizar a plataforma de resolu\u00e7\u00e3o de lit\u00edgios fornecida pela Comiss\u00e3o Europeia e que est\u00e1 dispon\u00edvel <u><a href=\"https:\/\/ec.europa.eu\/consumers\/odr\/main\/index.cfm?event=main.home.chooseLanguage\" target=\"_blank\" rel=\"noopener noreferrer\">neste link.<\/a><\/u><\/p>\n<h4><b>Direitos de propriedade intelectual e industrial:<\/b><\/h4>\n<p>Em virtude do disposto na Lei da Propriedade Intelectual, a reprodu\u00e7\u00e3o, distribui\u00e7\u00e3o e comunica\u00e7\u00e3o p\u00fablica, incluindo a forma de disponibiliza\u00e7\u00e3o, de todo ou parte do conte\u00fado da WEB, para fins comerciais, em qualquer suporte e por quaisquer meios t\u00e9cnicos , sem a autoriza\u00e7\u00e3o da ELMIRALL. O usu\u00e1rio compromete-se a respeitar os direitos de Propriedade Intelectual e Industrial de propriedade da ELMIRALL.<br \/>\nO usu\u00e1rio sabe e aceita que toda a WEB, contendo sem car\u00e1ter exaustivo o texto, software, conte\u00fados (incluindo estrutura, sele\u00e7\u00e3o, arranjo e apresenta\u00e7\u00e3o dos mesmos), podcast, fotografias, material audiovisual e gr\u00e1fico, est\u00e1 protegida por marcas, direitos autorais e outros direitos leg\u00edtimos, de acordo com os tratados internacionais dos quais a Espanha \u00e9 parte e outros direitos de propriedade e leis da Espanha.<br \/>\nCaso um usu\u00e1rio ou terceiro considere que houve viola\u00e7\u00e3o de seus direitos leg\u00edtimos de propriedade intelectual devido \u00e0 introdu\u00e7\u00e3o de determinado conte\u00fado NO SITE, dever\u00e1 notificar a ELMIRALL dessa circunst\u00e2ncia, indicando:<br \/>\n\u2022 Dados pessoais do interessado titular dos direitos alegadamente violados, ou indicar a representa\u00e7\u00e3o com que atua no caso de a reclama\u00e7\u00e3o ser apresentada por terceiro que n\u00e3o o interessado.<br \/>\n\u2022 Indique os conte\u00fados protegidos por direitos de propriedade intelectual e a sua localiza\u00e7\u00e3o NA WEB, o credenciamento dos direitos de propriedade intelectual indicados e uma declara\u00e7\u00e3o expressa em que o interessado \u00e9 respons\u00e1vel pela veracidade das informa\u00e7\u00f5es prestadas na notifica\u00e7\u00e3o.<\/p>\n<h3><b><br \/>Links externos:<\/b><\/h3>\n<p>A WEB fornece links para outros sites e conte\u00fado de propriedade de terceiros, como:<br \/>\n\u2022 Conte\u00fado de outros blogs.<br \/>\n\u2022 Ferramentas.<br \/>\n\u2022 Recursos.<br \/>\nO \u00fanico objetivo dos links \u00e9 proporcionar ao utilizador a possibilidade de aceder a esse links.<br \/>\nA ELMIRALL n\u00e3o se responsabiliza, em caso algum, pelos resultados que possam ser obtidos ao utilizador acedendo a estes links.<br \/>\nO utilizador que pretenda estabelecer qualquer dispositivo de liga\u00e7\u00e3o t\u00e9cnica do seu website para a WEB deve obter a autoriza\u00e7\u00e3o pr\u00e9via por escrito da WEB. O estabelecimento do link n\u00e3o implica, em caso algum, a exist\u00eancia de rela\u00e7\u00f5es entre a ELMIRALL e o propriet\u00e1rio do site em que o link est\u00e1 estabelecido, nem a aceita\u00e7\u00e3o ou aprova\u00e7\u00e3o pela ELMIRALL dos seus conte\u00fados ou servi\u00e7os.<\/p>\n<h3><b><br \/>Pol\u00edtica de Coment\u00e1rios:<\/b><\/h3>\n<p>Na WEB \u00e9 permitido fazer coment\u00e1rios para enriquecer o conte\u00fado e fazer consultas.<br \/>\nOs coment\u00e1rios que n\u00e3o estejam relacionados com o tema da WEB n\u00e3o ser\u00e3o aceites, incluindo difama\u00e7\u00e3o, queixas, insultos, ataques pessoais ou desrespeito em geral com o autor ou outros membros.<br \/>\nOs coment\u00e1rios que contenham informa\u00e7\u00f5es que sejam obviamente enganosas ou falsas, bem como os coment\u00e1rios que contenham informa\u00e7\u00f5es pessoais, como, por exemplo, moradas privadas ou telefones e que violem a nossa pol\u00edtica de prote\u00e7\u00e3o de dados, ser\u00e3o tamb\u00e9m eliminados.<br \/>\nDa mesma forma, esses coment\u00e1rios criados apenas para fins promocionais da WEB, pessoa ou grupo e tudo o que possa ser considerado SPAM em geral ser\u00e3o rejeitados.<br \/>\nN\u00e3o s\u00e3o permitidos coment\u00e1rios an\u00f3nimos, bem como os feitos pela mesma pessoa com diferentes apelidos. Os coment\u00e1rios que tentem for\u00e7ar um debate ou uma posi\u00e7\u00e3o de outro utilizador tamb\u00e9m n\u00e3o ser\u00e3o autorizados.<\/p>\n<h3><b><br \/>Exclus\u00e3o de garantias e responsabilidades:<\/b><\/h3>\n<p>A ELMIRALL n\u00e3o concede qualquer garantia nem \u00e9 respons\u00e1vel, em qualquer caso, por danos de qualquer tipo que possam ser causados por:<br \/>\n\u2022 A falta de disponibilidade, manuten\u00e7\u00e3o e funcionamento eficaz da WEB, ou os seus servi\u00e7os e conte\u00fados.<br \/>\n\u2022 Exist\u00eancia de v\u00edrus, programas maliciosos ou nocivos no conte\u00fado.<br \/>\n\u2022 O uso il\u00edcito, negligente, fraudulento ou contr\u00e1rio a este Aviso Legal.<br \/>\n\u2022 Falta de legalidade, qualidade, fiabilidade, utilidade e disponibilidade dos servi\u00e7os prestados por terceiros e disponibilizados aos utilizadores na WEB.<br \/>\n\u2022 Danos que possam resultar da utiliza\u00e7\u00e3o ilegal ou incorreta da WEB.<\/p>\n<h3><b><br \/>Lei e jurisdi\u00e7\u00e3o aplic\u00e1veis:<\/b><\/h3>\n<p>Em geral, as rela\u00e7\u00f5es entre a ELMIRALL e os utilizadores dos seus servi\u00e7os telem\u00e1ticos, presentes na WEB, est\u00e3o sujeitas \u00e0 legisla\u00e7\u00e3o e jurisdi\u00e7\u00e3o espanholas e aos tribunais de Val\u00eancia (Val\u00eancia).<\/p>\n<h3><b><br \/>Contato<\/b><\/h3>\n<p>Para poder comentar, em comercial@elmiralldistribuciones.com<\/p>\n<h3><b><br \/>\u2192 O Aviso Legal foi atualizado pela \u00faltima vez a 7 de junho de 2018.<\/b><\/h3>\n","protected":false},"excerpt":{"rendered":"<p>AVISO LEGAL Detalhes do propriet\u00e1rio: De acordo com o disposto na Lei dos Servi\u00e7os da Sociedade da Informa\u00e7\u00e3o (LSSI), os utilizadores de www.elmiralldistribuciones.com\/pruebas (doravante, A.C. ) s\u00e3o informados de que estes s\u00e3o os dados do propriet\u00e1rio deste website: .Nome: El Mirall-Online, S.L. (doravante, ELMIRALL) .C.I.F: B98410038 .Endere\u00e7o: Calle La Costera n\u00ba 2 D-10 de 46015 &#8230; <a title=\"Aviso Legal\" class=\"read-more\" href=\"https:\/\/www.elmiralldistribuciones.com\/pt-pt\/aviso-legal\/\" aria-label=\"Leia mais sobre Aviso Legal\">Ler mais<\/a><\/p>\n","protected":false},"author":3,"featured_media":0,"parent":0,"menu_order":0,"comment_status":"closed","ping_status":"closed","template":"elementor_header_footer","meta":{"footnotes":""},"class_list":["post-7491","page","type-page","status-publish"],"yoast_head":"<!-- This site is optimized with the Yoast SEO plugin v24.0 - https:\/\/yoast.com\/wordpress\/plugins\/seo\/ -->\n<title>Aviso Legal | El Mirall Distribuciones<\/title>\n<meta name=\"robots\" content=\"index, follow, max-snippet:-1, max-image-preview:large, max-video-preview:-1\" \/>\n<link rel=\"canonical\" href=\"https:\/\/www.elmiralldistribuciones.com\/pt-pt\/aviso-legal\/\" \/>\n<meta property=\"og:locale\" content=\"pt_PT\" \/>\n<meta property=\"og:type\" content=\"article\" \/>\n<meta property=\"og:title\" content=\"Aviso Legal | El Mirall Distribuciones\" \/>\n<meta property=\"og:description\" content=\"AVISO LEGAL Detalhes do propriet\u00e1rio: De acordo com o disposto na Lei dos Servi\u00e7os da Sociedade da Informa\u00e7\u00e3o (LSSI), os utilizadores de www.elmiralldistribuciones.com\/pruebas (doravante, A.C. ) s\u00e3o informados de que estes s\u00e3o os dados do propriet\u00e1rio deste website: .Nome: El Mirall-Online, S.L. (doravante, ELMIRALL) .C.I.F: B98410038 .Endere\u00e7o: Calle La Costera n\u00ba 2 D-10 de 46015 ... Ler mais\" \/>\n<meta property=\"og:url\" content=\"https:\/\/www.elmiralldistribuciones.com\/pt-pt\/aviso-legal\/\" \/>\n<meta property=\"og:site_name\" content=\"El Mirall Distribuciones\" \/>\n<meta property=\"article:publisher\" content=\"https:\/\/www.facebook.com\/elmiralldistribuciones\/\" \/>\n<meta name=\"twitter:card\" content=\"summary_large_image\" \/>\n<meta name=\"twitter:label1\" content=\"Tempo estimado de leitura\" \/>\n\t<meta name=\"twitter:data1\" content=\"7 minutos\" \/>\n<!-- \/ Yoast SEO plugin. -->","yoast_head_json":{"title":"Aviso Legal | El Mirall Distribuciones","robots":{"index":"index","follow":"follow","max-snippet":"max-snippet:-1","max-image-preview":"max-image-preview:large","max-video-preview":"max-video-preview:-1"},"canonical":"https:\/\/www.elmiralldistribuciones.com\/pt-pt\/aviso-legal\/","og_locale":"pt_PT","og_type":"article","og_title":"Aviso Legal | El Mirall Distribuciones","og_description":"AVISO LEGAL Detalhes do propriet\u00e1rio: De acordo com o disposto na Lei dos Servi\u00e7os da Sociedade da Informa\u00e7\u00e3o (LSSI), os utilizadores de www.elmiralldistribuciones.com\/pruebas (doravante, A.C. ) s\u00e3o informados de que estes s\u00e3o os dados do propriet\u00e1rio deste website: .Nome: El Mirall-Online, S.L. (doravante, ELMIRALL) .C.I.F: B98410038 .Endere\u00e7o: Calle La Costera n\u00ba 2 D-10 de 46015 ... Ler mais","og_url":"https:\/\/www.elmiralldistribuciones.com\/pt-pt\/aviso-legal\/","og_site_name":"El Mirall Distribuciones","article_publisher":"https:\/\/www.facebook.com\/elmiralldistribuciones\/","twitter_card":"summary_large_image","twitter_misc":{"Tempo estimado de leitura":"7 minutos"},"schema":{"@context":"https:\/\/schema.org","@graph":[{"@type":"WebPage","@id":"https:\/\/www.elmiralldistribuciones.com\/pt-pt\/aviso-legal\/","url":"https:\/\/www.elmiralldistribuciones.com\/pt-pt\/aviso-legal\/","name":"Aviso Legal | El Mirall Distribuciones","isPartOf":{"@id":"https:\/\/www.elmiralldistribuciones.com\/pt-pt\/#website"},"datePublished":"2021-12-21T11:22:15+00:00","dateModified":"2021-12-21T11:22:15+00:00","breadcrumb":{"@id":"https:\/\/www.elmiralldistribuciones.com\/pt-pt\/aviso-legal\/#breadcrumb"},"inLanguage":"pt-PT","potentialAction":[{"@type":"ReadAction","target":["https:\/\/www.elmiralldistribuciones.com\/pt-pt\/aviso-legal\/"]}]},{"@type":"BreadcrumbList","@id":"https:\/\/www.elmiralldistribuciones.com\/pt-pt\/aviso-legal\/#breadcrumb","itemListElement":[{"@type":"ListItem","position":1,"name":"Portada","item":"https:\/\/www.elmiralldistribuciones.com\/pt-pt\/"},{"@type":"ListItem","position":2,"name":"Aviso Legal"}]},{"@type":"WebSite","@id":"https:\/\/www.elmiralldistribuciones.com\/pt-pt\/#website","url":"https:\/\/www.elmiralldistribuciones.com\/pt-pt\/","name":"El Mirall Distribuciones","description":"Distribui\u00e7\u00e3o de produtos de barbear, cosm\u00e9ticos e barbearia.","publisher":{"@id":"https:\/\/www.elmiralldistribuciones.com\/pt-pt\/#organization"},"potentialAction":[{"@type":"SearchAction","target":{"@type":"EntryPoint","urlTemplate":"https:\/\/www.elmiralldistribuciones.com\/pt-pt\/?s={search_term_string}"},"query-input":{"@type":"PropertyValueSpecification","valueRequired":true,"valueName":"search_term_string"}}],"inLanguage":"pt-PT"},{"@type":"Organization","@id":"https:\/\/www.elmiralldistribuciones.com\/pt-pt\/#organization","name":"El Mirall Distribuciones","url":"https:\/\/www.elmiralldistribuciones.com\/pt-pt\/","logo":{"@type":"ImageObject","inLanguage":"pt-PT","@id":"https:\/\/www.elmiralldistribuciones.com\/pt-pt\/#\/schema\/logo\/image\/","url":"https:\/\/www.elmiralldistribuciones.com\/wp-content\/uploads\/2016\/12\/logo-cuadrado-elmirall.jpg","contentUrl":"https:\/\/www.elmiralldistribuciones.com\/wp-content\/uploads\/2016\/12\/logo-cuadrado-elmirall.jpg","width":512,"height":512,"caption":"El Mirall Distribuciones"},"image":{"@id":"https:\/\/www.elmiralldistribuciones.com\/pt-pt\/#\/schema\/logo\/image\/"},"sameAs":["https:\/\/www.facebook.com\/elmiralldistribuciones\/","https:\/\/www.instagram.com\/elmiralldistribuciones\/","https:\/\/www.youtube.com\/channel\/UCZ-qeZMG0Wpl30JliLqZtJA"]}]}},"_links":{"self":[{"href":"https:\/\/www.elmiralldistribuciones.com\/pt-pt\/wp-json\/wp\/v2\/pages\/7491","targetHints":{"allow":["GET"]}}],"collection":[{"href":"https:\/\/www.elmiralldistribuciones.com\/pt-pt\/wp-json\/wp\/v2\/pages"}],"about":[{"href":"https:\/\/www.elmiralldistribuciones.com\/pt-pt\/wp-json\/wp\/v2\/types\/page"}],"author":[{"embeddable":true,"href":"https:\/\/www.elmiralldistribuciones.com\/pt-pt\/wp-json\/wp\/v2\/users\/3"}],"replies":[{"embeddable":true,"href":"https:\/\/www.elmiralldistribuciones.com\/pt-pt\/wp-json\/wp\/v2\/comments?post=7491"}],"version-history":[{"count":0,"href":"https:\/\/www.elmiralldistribuciones.com\/pt-pt\/wp-json\/wp\/v2\/pages\/7491\/revisions"}],"wp:attachment":[{"href":"https:\/\/www.elmiralldistribuciones.com\/pt-pt\/wp-json\/wp\/v2\/media?parent=7491"}],"curies":[{"name":"wp","href":"https:\/\/api.w.org\/{rel}","templated":true}]}}