{"id":7497,"date":"2021-12-21T12:59:36","date_gmt":"2021-12-21T11:59:36","guid":{"rendered":"https:\/\/www.elmiralldistribuciones.com\/politica-de-cookies\/"},"modified":"2021-12-21T12:59:41","modified_gmt":"2021-12-21T11:59:41","slug":"politica-de-cookies","status":"publish","type":"page","link":"https:\/\/www.elmiralldistribuciones.com\/pt-pt\/politica-de-cookies\/","title":{"rendered":"Pol\u00edtica de cookies"},"content":{"rendered":"<h1><b>Pol\u00edtica de cookies<\/b><\/h1>\n<p>Cookie \u00e9 um arquivo que \u00e9 baixado para o seu computador quando voc\u00ea acessa certas p\u00e1ginas da web.<br \/>\nOs cookies permitem que uma p\u00e1gina web, entre outras coisas, armazene e recupere informa\u00e7\u00f5es sobre os h\u00e1bitos de navega\u00e7\u00e3o de um usu\u00e1rio ou de seu equipamento e, dependendo das informa\u00e7\u00f5es que contenham e da forma como utiliza seu equipamento, podem ser usados \u200b\u200bpara reconhec\u00ea-los ao usu\u00e1rio. O navegador do usu\u00e1rio memoriza os cookies no disco r\u00edgido apenas durante a sess\u00e3o atual, ocupando um espa\u00e7o m\u00ednimo de mem\u00f3ria e n\u00e3o prejudicando o computador.<br \/>\nOs cookies n\u00e3o cont\u00eam nenhum tipo de informa\u00e7\u00e3o pessoal espec\u00edfica, e a maioria deles \u00e9 apagada do disco r\u00edgido ao final da sess\u00e3o do navegador (os chamados cookies de sess\u00e3o).<br \/>\nA maioria dos navegadores aceita cookies como padr\u00e3o e, independentemente deles, permite ou impede cookies tempor\u00e1rios ou memorizados nas configura\u00e7\u00f5es de seguran\u00e7a.<br \/>\nSem o seu consentimento expresso ao ativar os cookies no seu navegador, www.elmiralldistribuciones.com\/pruebas n\u00e3o vincular\u00e1 nos cookies os dados armazenados com os seus dados pessoais fornecidos no momento do registo ou compra.<\/p>\n<h3><b><br \/>Que tipo de cookies voc\u00ea usa?<\/b><\/h3>\n<p>\u2013 <b>Cookies t\u00e9cnicos<\/b>: S\u00e3o aquelas que permitem ao usu\u00e1rio navegar por uma p\u00e1gina web, plataforma ou aplicativo e utilizar as diferentes op\u00e7\u00f5es ou servi\u00e7os nela existentes, como, por exemplo, controlar o tr\u00e1fego e a comunica\u00e7\u00e3o de dados, identificar a sess\u00e3o, acessar partes de acesso restrito, lembrar os elementos que comp\u00f5em um pedido, realizar o processo de compra de um pedido, solicitar inscri\u00e7\u00e3o ou participa\u00e7\u00e3o em evento, utilizar elementos de seguran\u00e7a na navega\u00e7\u00e3o, armazenar conte\u00fado para divulga\u00e7\u00e3o de v\u00eddeos ou som ou compartilhar conte\u00fado atrav\u00e9s das redes sociais.<br \/>\n\u2013 <b>Cookies de personaliza\u00e7\u00e3o<\/b>: S\u00e3o aqueles que permitem ao usu\u00e1rio acessar o servi\u00e7o com algumas caracter\u00edsticas gerais predefinidas com base em uma s\u00e9rie de crit\u00e9rios no terminal do usu\u00e1rio, como o idioma, o tipo de navegador pelo qual o servi\u00e7o \u00e9 acessado, a configura\u00e7\u00e3o regional de onde voc\u00ea acessar o servi\u00e7o, etc.<br \/>\n\u2013 <b>Cookies de an\u00e1lise:<\/b>Estes s\u00e3o aqueles que s\u00e3o bem tratados por n\u00f3s ou por terceiros, permitem-nos quantificar o n\u00famero de utilizadores e assim realizar a medi\u00e7\u00e3o e an\u00e1lise estat\u00edstica da utiliza\u00e7\u00e3o feita pelos utilizadores do servi\u00e7o oferecido. Para tal, \u00e9 analisada a sua navega\u00e7\u00e3o no nosso site, de forma a melhorar a oferta dos produtos ou servi\u00e7os que lhe oferecemos.<br \/>\n\u2013 <b>Cookies publicit\u00e1rios<\/b>: S\u00e3o aqueles que, bem tratados por n\u00f3s ou por terceiros, nos permitem gerir da forma mais eficiente poss\u00edvel a oferta dos espa\u00e7os publicit\u00e1rios que se encontram no site, adaptando o conte\u00fado do an\u00fancio ao conte\u00fado do servi\u00e7o solicitado ou ao uso feito em nosso site. Para isso podemos analisar os seus h\u00e1bitos de navega\u00e7\u00e3o na Internet e mostrar-lhe publicidade relacionada com o seu perfil de navega\u00e7\u00e3o.<br \/>\n\u2013 <b>Cookies de publicidade comportamental:<\/b>Estes s\u00e3o aqueles que permitem \u00e0 gest\u00e3o, da forma mais eficiente poss\u00edvel, dos espa\u00e7os publicit\u00e1rios que, se for caso disso, a editora incluiu numa p\u00e1gina web, aplica\u00e7\u00e3o ou plataforma a partir da qual presta o servi\u00e7o solicitado. Estes cookies armazenam informa\u00e7\u00f5es sobre o comportamento dos utilizadores, obtidas atrav\u00e9s da observa\u00e7\u00e3o cont\u00ednua dos seus h\u00e1bitos de navega\u00e7\u00e3o, o que permite o desenvolvimento de um perfil espec\u00edfico para apresentar publicidade a partir dele.<br \/>\n\u2013 <b>Cookies de terceiros<\/b>: O site El Mirall Distribuciones poder\u00e1 utilizar servi\u00e7os de terceiros que, por conta da El Mirall Distribuciones, coletar\u00e3o informa\u00e7\u00f5es para fins estat\u00edsticos, sobre a utiliza\u00e7\u00e3o do Site pelo usu\u00e1rio e para a presta\u00e7\u00e3o de outros servi\u00e7os relacionados \u00e0 atividade do Site e outros servi\u00e7os de Internet.<br \/>\nEm particular, este site usa o Google Analytics, um servi\u00e7o de an\u00e1lise da web fornecido pelo Google, Inc. domiciliado nos Estados Unidos com sede em 1600 Amphitheatre Parkway, Mountain View, Calif\u00f3rnia 94043. Para a presta\u00e7\u00e3o destes servi\u00e7os, utilizam cookies que recolhem informa\u00e7\u00f5es, incluindo o endere\u00e7o IP do utilizador, que ser\u00e3o transmitidas, processadas e armazenadas pela Google nos termos definidos no site Google.com. Incluindo a poss\u00edvel transmiss\u00e3o dessas informa\u00e7\u00f5es a terceiros por motivos de exig\u00eancia legal ou quando esses terceiros processem as informa\u00e7\u00f5es em nome do Google.<br \/>\nO Utilizador aceita expressamente, ao utilizar este Site, o tratamento das informa\u00e7\u00f5es recolhidas na forma e para os fins acima mencionados. E tamb\u00e9m reconhece conhecer a possibilidade de rejeitar o tratamento de tais dados ou informa\u00e7\u00f5es, rejeitando o uso de Cookies, selecionando as configura\u00e7\u00f5es adequadas para esse fim em seu navegador. Embora esta op\u00e7\u00e3o de bloquear Cookies em seu navegador possa n\u00e3o permitir que voc\u00ea use totalmente todas as funcionalidades do Site.<br \/>\nVoc\u00ea pode permitir, bloquear ou excluir os cookies instalados em seu computador, configurando as op\u00e7\u00f5es do navegador instaladas em seu computador.<\/p>\n<h3><b><br \/>Que tipo de cookies este site usa? <\/b><\/h3>\n<p>Seguindo as orienta\u00e7\u00f5es da Ag\u00eancia Espanhola de Prote\u00e7\u00e3o de Dados, procedemos ao detalhamento do uso dos cookies efetuados por este site, a fim de inform\u00e1-lo com a maior exatid\u00e3o poss\u00edvel.<br \/>\nEste site utiliza os <b>seguintes cookies de primeira parte: <\/b><br \/>\n<b>Sess\u00e3o:<\/b>Para evitar ter de se identificar sempre que interage com o site, a menos que tenha fechado o navegador e reaberto.<br \/>\nEste site utiliza os <b>seguintes cookies de terceiros:<\/b><br \/>\n<b>Google Analytics<\/b>: Os cookies s\u00e3o armazenados para poder compilar estat\u00edsticas sobre o tr\u00e1fego e volume de visitas a este website. Ao utilizar este site, voc\u00ea concorda com o processamento de suas informa\u00e7\u00f5es pelo Google. Portanto, o exerc\u00edcio de qualquer direito a esse respeito deve ser feito por meio de comunica\u00e7\u00e3o direta com o Google.<br \/>\n<b>Google Adwords<\/b>: Os cookies derivados de campanhas publicit\u00e1rias geridas s\u00e3o armazenados para atrair mais tr\u00e1fego para o nosso website. Se voc\u00ea acessou nosso site clicando em um de nossos an\u00fancios, est\u00e1 consentindo com o processamento de suas informa\u00e7\u00f5es pelo Google. Portanto, o exerc\u00edcio de qualquer direito a esse respeito deve ser feito por meio de comunica\u00e7\u00e3o direta com o Google.<br \/>\n<b>Redes Sociais:<\/b>Cada rede social utiliza os seus pr\u00f3prios cookies para que possa clicar em bot\u00f5es como &#8220;Like&#8221; ou &#8220;Share&#8221;.<br \/>\n<i><b>Os cookies usados \u200b\u200bneste site n\u00e3o coletam dados pessoais.<\/b><\/i><br \/>\nO Utilizador aceita expressamente, ao utilizar este Site, o tratamento das informa\u00e7\u00f5es recolhidas na forma e para os fins acima mencionados. E tamb\u00e9m reconhece conhecer a possibilidade de rejeitar o tratamento de tais dados ou informa\u00e7\u00f5es, rejeitando o uso de Cookies, selecionando as configura\u00e7\u00f5es adequadas para esse fim em seu navegador. Embora esta op\u00e7\u00e3o de bloquear Cookies em seu navegador possa n\u00e3o permitir que voc\u00ea use totalmente todas as funcionalidades do Site.<\/p>\n<h3><b><br \/>Desativa\u00e7\u00e3o ou elimina\u00e7\u00e3o de cookies<\/b><\/h3>\n<p>A qualquer momento, voc\u00ea pode exercer o seu direito de desativar ou eliminar os cookies deste site. Desta forma, evitamos que os cookies sejam armazenados no seu navegador. Essas a\u00e7\u00f5es s\u00e3o realizadas de forma diferente dependendo do navegador que voc\u00ea est\u00e1 usando:<br \/>\nGoogle Chrome<br \/>\nInternet Explorer<br \/>\nMozilla Firefox<br \/>\nSafari<br \/>\nSe voc\u00ea tiver d\u00favidas sobre esta pol\u00edtica de cookies, pode entrar em contato com ELMIRALL em comercial@elmiralldistribuciones.com<\/p>\n<h3>Conhe\u00e7a tamb\u00e9m as <u><a href=\"https:\/\/www.elmiralldistribuciones.com\/pruebas\/politica-de-privacidad\/\" target=\"_blank\" rel=\"noopener noreferrer\">nossas pol\u00edticas gerais de privacidade,<\/a><\/u> bem como o nosso <u><a href=\"https:\/\/www.elmiralldistribuciones.com\/pruebas\/aviso-legal\/\" target=\"_blank\" rel=\"noopener noreferrer\">aviso legal.<\/a><\/u><\/h3>\n<h3><i> <\/i><\/h3>\n<h3><i><b>A pol\u00edtica de cookies foi atualizada pela \u00faltima vez em 4 de junho de 2018.<\/b><\/i><\/h3>\n","protected":false},"excerpt":{"rendered":"<p>Pol\u00edtica de cookies Cookie \u00e9 um arquivo que \u00e9 baixado para o seu computador quando voc\u00ea acessa certas p\u00e1ginas da web. Os cookies permitem que uma p\u00e1gina web, entre outras coisas, armazene e recupere informa\u00e7\u00f5es sobre os h\u00e1bitos de navega\u00e7\u00e3o de um usu\u00e1rio ou de seu equipamento e, dependendo das informa\u00e7\u00f5es que contenham e da &#8230; <a title=\"Pol\u00edtica de cookies\" class=\"read-more\" href=\"https:\/\/www.elmiralldistribuciones.com\/pt-pt\/politica-de-cookies\/\" aria-label=\"Leia mais sobre Pol\u00edtica de cookies\">Ler mais<\/a><\/p>\n","protected":false},"author":3,"featured_media":0,"parent":0,"menu_order":0,"comment_status":"closed","ping_status":"closed","template":"elementor_header_footer","meta":{"footnotes":""},"class_list":["post-7497","page","type-page","status-publish"],"yoast_head":"<!-- This site is optimized with the Yoast SEO plugin v24.0 - https:\/\/yoast.com\/wordpress\/plugins\/seo\/ -->\n<title>Pol\u00edtica de cookies | El Mirall Distribuciones<\/title>\n<meta name=\"robots\" content=\"index, follow, max-snippet:-1, max-image-preview:large, max-video-preview:-1\" \/>\n<link rel=\"canonical\" href=\"https:\/\/www.elmiralldistribuciones.com\/pt-pt\/politica-de-cookies\/\" \/>\n<meta property=\"og:locale\" content=\"pt_PT\" \/>\n<meta property=\"og:type\" content=\"article\" \/>\n<meta property=\"og:title\" content=\"Pol\u00edtica de cookies | El Mirall Distribuciones\" \/>\n<meta property=\"og:description\" content=\"Pol\u00edtica de cookies Cookie \u00e9 um arquivo que \u00e9 baixado para o seu computador quando voc\u00ea acessa certas p\u00e1ginas da web. Os cookies permitem que uma p\u00e1gina web, entre outras coisas, armazene e recupere informa\u00e7\u00f5es sobre os h\u00e1bitos de navega\u00e7\u00e3o de um usu\u00e1rio ou de seu equipamento e, dependendo das informa\u00e7\u00f5es que contenham e da ... Ler mais\" \/>\n<meta property=\"og:url\" content=\"https:\/\/www.elmiralldistribuciones.com\/pt-pt\/politica-de-cookies\/\" \/>\n<meta property=\"og:site_name\" content=\"El Mirall Distribuciones\" \/>\n<meta property=\"article:publisher\" content=\"https:\/\/www.facebook.com\/elmiralldistribuciones\/\" \/>\n<meta property=\"article:modified_time\" content=\"2021-12-21T11:59:41+00:00\" \/>\n<meta name=\"twitter:card\" content=\"summary_large_image\" \/>\n<meta name=\"twitter:label1\" content=\"Tempo estimado de leitura\" \/>\n\t<meta name=\"twitter:data1\" content=\"7 minutos\" \/>\n<!-- \/ Yoast SEO plugin. -->","yoast_head_json":{"title":"Pol\u00edtica de cookies | El Mirall Distribuciones","robots":{"index":"index","follow":"follow","max-snippet":"max-snippet:-1","max-image-preview":"max-image-preview:large","max-video-preview":"max-video-preview:-1"},"canonical":"https:\/\/www.elmiralldistribuciones.com\/pt-pt\/politica-de-cookies\/","og_locale":"pt_PT","og_type":"article","og_title":"Pol\u00edtica de cookies | El Mirall Distribuciones","og_description":"Pol\u00edtica de cookies Cookie \u00e9 um arquivo que \u00e9 baixado para o seu computador quando voc\u00ea acessa certas p\u00e1ginas da web. Os cookies permitem que uma p\u00e1gina web, entre outras coisas, armazene e recupere informa\u00e7\u00f5es sobre os h\u00e1bitos de navega\u00e7\u00e3o de um usu\u00e1rio ou de seu equipamento e, dependendo das informa\u00e7\u00f5es que contenham e da ... Ler mais","og_url":"https:\/\/www.elmiralldistribuciones.com\/pt-pt\/politica-de-cookies\/","og_site_name":"El Mirall Distribuciones","article_publisher":"https:\/\/www.facebook.com\/elmiralldistribuciones\/","article_modified_time":"2021-12-21T11:59:41+00:00","twitter_card":"summary_large_image","twitter_misc":{"Tempo estimado de leitura":"7 minutos"},"schema":{"@context":"https:\/\/schema.org","@graph":[{"@type":"WebPage","@id":"https:\/\/www.elmiralldistribuciones.com\/pt-pt\/politica-de-cookies\/","url":"https:\/\/www.elmiralldistribuciones.com\/pt-pt\/politica-de-cookies\/","name":"Pol\u00edtica de cookies | El Mirall Distribuciones","isPartOf":{"@id":"https:\/\/www.elmiralldistribuciones.com\/pt-pt\/#website"},"datePublished":"2021-12-21T11:59:36+00:00","dateModified":"2021-12-21T11:59:41+00:00","breadcrumb":{"@id":"https:\/\/www.elmiralldistribuciones.com\/pt-pt\/politica-de-cookies\/#breadcrumb"},"inLanguage":"pt-PT","potentialAction":[{"@type":"ReadAction","target":["https:\/\/www.elmiralldistribuciones.com\/pt-pt\/politica-de-cookies\/"]}]},{"@type":"BreadcrumbList","@id":"https:\/\/www.elmiralldistribuciones.com\/pt-pt\/politica-de-cookies\/#breadcrumb","itemListElement":[{"@type":"ListItem","position":1,"name":"Portada","item":"https:\/\/www.elmiralldistribuciones.com\/pt-pt\/"},{"@type":"ListItem","position":2,"name":"Pol\u00edtica de cookies"}]},{"@type":"WebSite","@id":"https:\/\/www.elmiralldistribuciones.com\/pt-pt\/#website","url":"https:\/\/www.elmiralldistribuciones.com\/pt-pt\/","name":"El Mirall Distribuciones","description":"Distribui\u00e7\u00e3o de produtos de barbear, cosm\u00e9ticos e barbearia.","publisher":{"@id":"https:\/\/www.elmiralldistribuciones.com\/pt-pt\/#organization"},"potentialAction":[{"@type":"SearchAction","target":{"@type":"EntryPoint","urlTemplate":"https:\/\/www.elmiralldistribuciones.com\/pt-pt\/?s={search_term_string}"},"query-input":{"@type":"PropertyValueSpecification","valueRequired":true,"valueName":"search_term_string"}}],"inLanguage":"pt-PT"},{"@type":"Organization","@id":"https:\/\/www.elmiralldistribuciones.com\/pt-pt\/#organization","name":"El Mirall Distribuciones","url":"https:\/\/www.elmiralldistribuciones.com\/pt-pt\/","logo":{"@type":"ImageObject","inLanguage":"pt-PT","@id":"https:\/\/www.elmiralldistribuciones.com\/pt-pt\/#\/schema\/logo\/image\/","url":"https:\/\/www.elmiralldistribuciones.com\/wp-content\/uploads\/2016\/12\/logo-cuadrado-elmirall.jpg","contentUrl":"https:\/\/www.elmiralldistribuciones.com\/wp-content\/uploads\/2016\/12\/logo-cuadrado-elmirall.jpg","width":512,"height":512,"caption":"El Mirall Distribuciones"},"image":{"@id":"https:\/\/www.elmiralldistribuciones.com\/pt-pt\/#\/schema\/logo\/image\/"},"sameAs":["https:\/\/www.facebook.com\/elmiralldistribuciones\/","https:\/\/www.instagram.com\/elmiralldistribuciones\/","https:\/\/www.youtube.com\/channel\/UCZ-qeZMG0Wpl30JliLqZtJA"]}]}},"_links":{"self":[{"href":"https:\/\/www.elmiralldistribuciones.com\/pt-pt\/wp-json\/wp\/v2\/pages\/7497","targetHints":{"allow":["GET"]}}],"collection":[{"href":"https:\/\/www.elmiralldistribuciones.com\/pt-pt\/wp-json\/wp\/v2\/pages"}],"about":[{"href":"https:\/\/www.elmiralldistribuciones.com\/pt-pt\/wp-json\/wp\/v2\/types\/page"}],"author":[{"embeddable":true,"href":"https:\/\/www.elmiralldistribuciones.com\/pt-pt\/wp-json\/wp\/v2\/users\/3"}],"replies":[{"embeddable":true,"href":"https:\/\/www.elmiralldistribuciones.com\/pt-pt\/wp-json\/wp\/v2\/comments?post=7497"}],"version-history":[{"count":0,"href":"https:\/\/www.elmiralldistribuciones.com\/pt-pt\/wp-json\/wp\/v2\/pages\/7497\/revisions"}],"wp:attachment":[{"href":"https:\/\/www.elmiralldistribuciones.com\/pt-pt\/wp-json\/wp\/v2\/media?parent=7497"}],"curies":[{"name":"wp","href":"https:\/\/api.w.org\/{rel}","templated":true}]}}