{"id":7507,"date":"2021-12-21T13:19:08","date_gmt":"2021-12-21T12:19:08","guid":{"rendered":"https:\/\/www.elmiralldistribuciones.com\/politica-de-privacidade\/"},"modified":"2021-12-21T13:19:10","modified_gmt":"2021-12-21T12:19:10","slug":"politica-de-privacidade","status":"publish","type":"page","link":"https:\/\/www.elmiralldistribuciones.com\/pt-pt\/politica-de-privacidade\/","title":{"rendered":"Pol\u00edtica de privacidade"},"content":{"rendered":"\t\t<div data-elementor-type=\"wp-page\" data-elementor-id=\"7507\" class=\"elementor elementor-7507 elementor-5404\" data-elementor-post-type=\"page\">\n\t\t\t\t\t\t<section data-particle_enable=\"false\" data-particle-mobile-disabled=\"false\" class=\"elementor-section elementor-top-section elementor-element elementor-element-45f20da8 elementor-section-boxed elementor-section-height-default elementor-section-height-default\" data-id=\"45f20da8\" data-element_type=\"section\">\n\t\t\t\t\t\t<div class=\"elementor-container elementor-column-gap-default\">\n\t\t\t\t\t<div class=\"elementor-column elementor-col-100 elementor-top-column elementor-element elementor-element-3f689112\" data-id=\"3f689112\" data-element_type=\"column\">\n\t\t\t<div class=\"elementor-widget-wrap elementor-element-populated\">\n\t\t\t\t\t\t<div class=\"elementor-element elementor-element-648dc6c9 elementor-widget elementor-widget-text-editor\" data-id=\"648dc6c9\" data-element_type=\"widget\" data-widget_type=\"text-editor.default\">\n\t\t\t\t<div class=\"elementor-widget-container\">\n\t\t\t\t\t\t\t<header class=\"top-modern header-style2 top header-dark logo-light header-fix\" data-width=\"100\">\n<div class=\"content top style-style2\">\n<h1 class=\"second-part hidden-tablet hidden-tablet\"><strong><span class=\"\">POL\u00cdTICA DE PRIVACIDADE<\/span><\/strong><\/h1>\n<\/div>\n<\/header>\n<div id=\"content\" class=\"content \">\n<div id=\"post-5059\" class=\"content-container post-5059 page type-page status-publish hentry\">\n<div id=\"rowCustom-5efb4b062e79b\" class=\"no-bg-image vc_row wpb_row mBuilder-element vc_row wpb_row mBuilder-element sectionOverlay vc_general vc_parallax vc_parallax- full_size \" data-mbuilder-id=\"1\" data-col-layout=\"12\/12\" data-bgcolor=\"  rgba(255,255,255,1)\">\n<div class=\"wrap clearfix box_size_container\">\n<div class=\"wpb_column vc_column_container col-sm-10\">\n<div class=\"vc_column-inner md_col-5efb4b062e8c7\">\n<div class=\"wpb_wrapper\">\n<div id=\"rowInnerCustom-5efb4b062e9a0\" class=\"vc_row wpb_row vc_inner sectionOverlay vc_general vc_parallax full_size \">\n<div class=\"row-image\"><b>Por meio desta pol\u00edtica de privacidade, queremos inform\u00e1-lo das raz\u00f5es pelas quais coletamos seus dados pessoais, o que fazemos com eles, quais s\u00e3o seus direitos e como voc\u00ea pode exerc\u00ea-los.<\/b><\/div>\n<\/div>\n<div id=\"md-live-text-5efb4b062eba9\" class=\"md-live-text md-live-text-new gizmo-container 5efb4b062eba9 md-align-center\">\n<div class=\"live-text-container\">\n<div class=\"meditor meditor-responsive inline-md-editor meditor-responsive\" data-letterspace=\"0.0\" data-lineheight=\"1.5\">\n<div><b>Se voc\u00ea est\u00e1 realmente interessado no destino de seus dados, recomendamos que voc\u00ea gaste alguns minutos lendo-os.<\/b><\/div>\n<h3><b>Quem \u00e9 o respons\u00e1vel pelos seus dados?<\/b><\/h3>\n<div>.Nome: El Mirall-Online, S.L. (doravante, ELMIRALL)<\/div>\n<div>.C.I.F: B98410038<\/div>\n<div>.Endere\u00e7o: Calle La Costera n\u00ba 2 D-10 de 46015 Valencia<\/div>\n<div>.Telefone para contato: (+ 34) 963 385 962<\/div>\n<div>.E-mail de contato: comercial@elmiralldistribuciones.com<\/div>\n<h3><b><br \/>Com que finalidade coletamos seus dados pessoais? E como legitimam seu tratamento?<\/b><\/h3>\n<div>1. Gest\u00e3o da sua rela\u00e7\u00e3o comercial com EL MIRALL Os seus dados pessoais ser\u00e3o processados \u200b\u200bpara o desenvolvimento, controlo e manuten\u00e7\u00e3o da rela\u00e7\u00e3o contratual e gest\u00e3o da fatura\u00e7\u00e3o. O referido tratamento para os fins indicados \u00e9 legitimado pela celebra\u00e7\u00e3o da rela\u00e7\u00e3o contratual existente entre voc\u00ea e a ELMIRALL. A obten\u00e7\u00e3o dos seus dados para este efeito \u00e9 obrigat\u00f3ria, pois sem eles seria imposs\u00edvel para a ELMIRALL contratar e gerir a sua rela\u00e7\u00e3o contratual.<\/div>\n<div> <\/div>\n<div>2. Tratamento de seus dados para fins comerciais pela ELMIRALL Seus dados pessoais ser\u00e3o processados \u200b\u200bpela ELMIRALL para oferecer e enviar a voc\u00ea por qualquer meio, incluindo meios eletr\u00f4nicos, comunica\u00e7\u00f5es comerciais, envio de newsletters e ofertas personalizadas, informa\u00e7\u00f5es comerciais de seus pr\u00f3prios produtos vinculados e comercializados por ELMIRALL. O referido tratamento para os fins indicados \u00e9 legitimado pela aplica\u00e7\u00e3o de regulamento com o grau de Lei que disp\u00f5e sobre o referido tratamento e pela ELMIRALL ter obtido o seu consentimento para o efeito. Nos casos previstos na lei pelo artigo 21.2 da Lei 34\/2002, de 11 de julho, sobre os servi\u00e7os da sociedade da informa\u00e7\u00e3o e do com\u00e9rcio eletr\u00f3nico, bem como pelo artigo 16.\u00ba do Regulamento 2017\/0003 sobre privacidade eletr\u00f3nica (e-privacidade) do Uni\u00e3o Europeia, a ELMIRALL ter\u00e1 o direito de enviar comunica\u00e7\u00f5es comerciais por via electr\u00f3nica, desde que o conte\u00fado das mesmas se refira a produtos e \/ ou servi\u00e7os semelhantes aos oferecidos no \u00e2mbito da sua rela\u00e7\u00e3o com a ELMIRALL. Voc\u00ea pode, a qualquer momento, revogar seu consentimento para enviar comunica\u00e7\u00f5es comerciais de produtos e servi\u00e7os ELMIRALL. Voc\u00ea pode se opor a tal tratamento tanto no momento da coleta de dados quanto no momento do recebimento de cada uma das comunica\u00e7\u00f5es comerciais que a ELMIRALL lhe enviar.<\/div>\n<div> <\/div>\n<div>3. Gerenciando seu relacionamento como candidato com a ELMIRALL Em nome da empresa, processamos as informa\u00e7\u00f5es que voc\u00ea nos fornece a fim de mant\u00ea-lo informado sobre as diferentes vagas de emprego que ocorrem em nossa organiza\u00e7\u00e3o. Os dados fornecidos ser\u00e3o guardados at\u00e9 \u00e0 adjudica\u00e7\u00e3o de um trabalho ou at\u00e9 que exer\u00e7a o seu direito de cancelamento, pelo que tem o direito de aceder aos seus dados pessoais, rectificar dados inexactos ou solicitar a sua elimina\u00e7\u00e3o quando os dados j\u00e1 n\u00e3o forem necess\u00e1rios.<\/div>\n<div> <\/div>\n<div>4. Processamento de seus dados atrav\u00e9s de nossos formul\u00e1rios de contato e coment\u00e1rios em nosso blog<\/div>\n<div>Como parte de suas atividades, a ELMIRALL tem a possibilidade de cadastrar usu\u00e1rios para enviar comunica\u00e7\u00f5es por e-mail, fazer coment\u00e1rios no blog e enviar mensagens atrav\u00e9s do formul\u00e1rio de contato.<\/div>\n<div>Em conformidade com o Regulamento Europeu de Prote\u00e7\u00e3o de Dados, o utilizador deve dar expressamente o seu consentimento e ser\u00e1 informado em todo o momento da finalidade para a qual os seus dados ser\u00e3o utilizados.<\/div>\n<div>EM QUALQUER CASO SEUS DADOS SER\u00c3O TRANSFERIDOS A TERCEIROS.<\/div>\n<div>Manteremos essas informa\u00e7\u00f5es armazenadas enquanto voc\u00ea n\u00e3o solicitar sua exclus\u00e3o.<\/div>\n<h3><b><br \/>A quais destinat\u00e1rios seus dados pessoais ser\u00e3o comunicados?<\/b><\/h3>\n<div>Para oferecer nossos servi\u00e7os com melhor qualidade e cumprir nossas obriga\u00e7\u00f5es fiscais, informamos que os dados que voc\u00ea nos fornece podem ser transferidos para:<\/div>\n<div>\u2022 Automattic Inc., respons\u00e1vel pelo desenvolvimento do WordPress CMS, utilizado para a conce\u00e7\u00e3o e desenvolvimento deste website e sujeito ao <u><a href=\"https:\/\/www.privacyshield.gov\/welcome\" target=\"_blank\" rel=\"noopener noreferrer\"><span class=\"\">acordo de Prote\u00e7\u00e3o de Privacidade UE-EUA.<\/span><\/a><\/u><\/div>\n<div>\u2022 Google LLC, respons\u00e1vel pela recolha de an\u00e1lises deste website e sujeito ao acordo <u><a href=\"https:\/\/www.privacyshield.gov\/welcome\" target=\"_blank\" rel=\"noopener noreferrer\"><span class=\"\">EU-EUA Privacy Shield.<\/span><\/a><\/u><\/div>\n<h3><b><br \/>Por quanto tempo vamos manter seus dados?<\/b><\/h3>\n<div>A ELMIRALL manter\u00e1 seus dados durante a vig\u00eancia da rela\u00e7\u00e3o contratual com a ELMIRALL e, uma vez encerrada, durante o prazo de prescri\u00e7\u00e3o das a\u00e7\u00f5es que possam decorrer da rela\u00e7\u00e3o mantida.<\/div>\n<h3><b><br \/>Direitos de uso<\/b><\/h3>\n<div>Poder\u00e1, nos termos estabelecidos no regulamento de protec\u00e7\u00e3o de dados, revogar a qualquer momento a autoriza\u00e7\u00e3o concedida para o tratamento e transfer\u00eancia de dados pessoais, bem como exercer o <b>direitos de acesso, retifica\u00e7\u00e3o, oposi\u00e7\u00e3o, incluindo o tratamento de dados com base no interesse leg\u00edtimo, limita\u00e7\u00e3o, exclus\u00e3o, portabilidade e n\u00e3o ser objeto de decis\u00f5es automatizadas, endere\u00e7ando atrav\u00e9s do e-mail: comercial@elmiralldistribuciones.com<\/b> Para maior transpar\u00eancia em rela\u00e7\u00e3o aos seus direitos, fornecemos mais informa\u00e7\u00f5es sobre eles:<\/div>\n<div>1. Direito de acesso: voc\u00ea tem o direito de obter informa\u00e7\u00f5es sobre se estamos tratando seus dados pessoais. Voc\u00ea pode entrar em contato conosco para que possamos fornecer por e-mail os dados pessoais que processamos sobre voc\u00ea.<\/div>\n<div>2. Direito de portabilidade: No caso de ELMIRALL processar seus dados pessoais por meios automatizados com base em seu consentimento ou acordo, voc\u00ea tem o direito de obter uma c\u00f3pia de seus dados em um mecanismo de formato estruturado, comumente usado e leg\u00edvel transferido para o seu nome ou a um terceiro. Somente os dados pessoais que voc\u00ea nos forneceu ser\u00e3o inclu\u00eddos nele.<\/div>\n<div>3. Direito de retifica\u00e7\u00e3o: Voc\u00ea tem o direito de solicitar a retifica\u00e7\u00e3o dos seus dados pessoais se eles estiverem incorretos, incluindo o direito de completar os dados incompletos.<\/div>\n<div>4. Direito de apagamento: Voc\u00ea tem o direito de obter, sem atrasos indevidos, o apagamento de qualquer um dos seus dados pessoais processados \u200b\u200bpela ELMIRALL a qualquer momento, exceto em algumas situa\u00e7\u00f5es que s\u00e3o excetuadas por lei, como o cumprimento de uma obriga\u00e7\u00e3o legal.<\/div>\n<div>5. Direito de se opor ao tratamento de dados com base no interesse leg\u00edtimo: Voc\u00ea tem o direito de se opor ao tratamento dos seus dados pessoais com base no leg\u00edtimo interesse da ELMIRALL. N\u00e3o poderemos continuar a tratar dados pessoais a menos que possamos provar raz\u00f5es leg\u00edtimas convincentes para o tratamento que prevalece sobre seus interesses, direitos e liberdades, ou para a formula\u00e7\u00e3o, exerc\u00edcio ou defesa de reivindica\u00e7\u00f5es.<\/div>\n<div>6. Direito de se opor ao marketing direto: voc\u00ea tem o direito de se opor ao marketing direto, incluindo a cria\u00e7\u00e3o de perfis para tal marketing direto.<\/div>\n<div>7. Direito \u00e0 limita\u00e7\u00e3o do tratamento: Voc\u00ea tem o direito de solicitar que a ELMIRALL limite o processamento dos seus dados pessoais nas seguintes circunst\u00e2ncias:<\/div>\n<div>Se voc\u00ea se op\u00f5e ao processamento de seus dados com base no interesse leg\u00edtimo da ELMIRALL, a ELMIRALL deve limitar qualquer processamento de tais dados, dependendo da verifica\u00e7\u00e3o do interesse leg\u00edtimo.<\/div>\n<div>Se voc\u00ea alegar que seus dados pessoais est\u00e3o incorretos, EL MIRALL deve limitar o tratamento de tais dados at\u00e9 que sua exatid\u00e3o seja verificada.<\/div>\n<div>Se o processamento for ilegal, voc\u00ea pode se opor \u00e0 exclus\u00e3o de dados pessoais e, em vez disso, solicitar a limita\u00e7\u00e3o de seu uso.<\/div>\n<div>Se a EL MIRALL j\u00e1 n\u00e3o necessita dos dados pessoais, mas sim para a formula\u00e7\u00e3o, exerc\u00edcio ou defesa das reclama\u00e7\u00f5es.<\/div>\n<h3><b><br \/>Diante de qual autoridade supervisora \u200b\u200bposso fazer valer meus direitos em rela\u00e7\u00e3o \u00e0 prote\u00e7\u00e3o de dados?<\/b><\/h3>\n<div>Se julgar necess\u00e1rio, pode entrar em contato com a Ag\u00eancia Espanhola de Prote\u00e7\u00e3o de Dados com o endere\u00e7o calle Jorge Juan, 6, 28001, Madrid, para salvaguardar os seus direitos.<\/div>\n<div>Da mesma forma, informamos que pode apresentar uma reclama\u00e7\u00e3o na Ag\u00eancia Espanhola de <u><a href=\"https:\/\/www.aepd.es\/\" target=\"_blank\" rel=\"noopener noreferrer\"><span class=\"\">Prote\u00e7\u00e3o de Dados,<\/span><\/a><\/u>especialmente quando n\u00e3o obteve satisfa\u00e7\u00e3o no exerc\u00edcio dos seus direitos.<\/div>\n<h3><b><br \/>Atualiza\u00e7\u00f5es em nosso Aviso de Privacidade<\/b><\/h3>\n<div>Podemos prosseguir para atualizar nossa Pol\u00edtica de Privacidade. A vers\u00e3o mais recente estar\u00e1 sempre dispon\u00edvel em nosso site.<\/div>\n<h3><b><i><br \/>A Pol\u00edtica de Privacidade foi atualizada pela \u00faltima vez em 7 de junho de 2018.<\/i><\/b><\/h3>\n<\/div>\n<\/div>\n<\/div>\n<\/div>\n<\/div>\n<\/div>\n<\/div>\n<\/div>\n<\/div>\n<\/div>\n\t\t\t\t\t\t<\/div>\n\t\t\t\t<\/div>\n\t\t\t\t\t<\/div>\n\t\t<\/div>\n\t\t\t\t\t<\/div>\n\t\t<\/section>\n\t\t\t\t<\/div>\n\t\t","protected":false},"excerpt":{"rendered":"<p>POL\u00cdTICA DE PRIVACIDADE Por meio desta pol\u00edtica de privacidade, queremos inform\u00e1-lo das raz\u00f5es pelas quais coletamos seus dados pessoais, o que fazemos com eles, quais s\u00e3o seus direitos e como voc\u00ea pode exerc\u00ea-los. Se voc\u00ea est\u00e1 realmente interessado no destino de seus dados, recomendamos que voc\u00ea gaste alguns minutos lendo-os. Quem \u00e9 o respons\u00e1vel pelos &#8230; <a title=\"Pol\u00edtica de privacidade\" class=\"read-more\" href=\"https:\/\/www.elmiralldistribuciones.com\/pt-pt\/politica-de-privacidade\/\" aria-label=\"Leia mais sobre Pol\u00edtica de privacidade\">Ler mais<\/a><\/p>\n","protected":false},"author":3,"featured_media":0,"parent":0,"menu_order":0,"comment_status":"closed","ping_status":"closed","template":"elementor_header_footer","meta":{"footnotes":""},"class_list":["post-7507","page","type-page","status-publish"],"yoast_head":"<!-- This site is optimized with the Yoast SEO plugin v24.0 - https:\/\/yoast.com\/wordpress\/plugins\/seo\/ -->\n<title>Pol\u00edtica de privacidade | El Mirall Distribuciones<\/title>\n<meta name=\"robots\" content=\"index, follow, max-snippet:-1, max-image-preview:large, max-video-preview:-1\" \/>\n<link rel=\"canonical\" href=\"https:\/\/www.elmiralldistribuciones.com\/pt-pt\/politica-de-privacidade\/\" \/>\n<meta property=\"og:locale\" content=\"pt_PT\" \/>\n<meta property=\"og:type\" content=\"article\" \/>\n<meta property=\"og:title\" content=\"Pol\u00edtica de privacidade | El Mirall Distribuciones\" \/>\n<meta property=\"og:description\" content=\"POL\u00cdTICA DE PRIVACIDADE Por meio desta pol\u00edtica de privacidade, queremos inform\u00e1-lo das raz\u00f5es pelas quais coletamos seus dados pessoais, o que fazemos com eles, quais s\u00e3o seus direitos e como voc\u00ea pode exerc\u00ea-los. Se voc\u00ea est\u00e1 realmente interessado no destino de seus dados, recomendamos que voc\u00ea gaste alguns minutos lendo-os. Quem \u00e9 o respons\u00e1vel pelos ... Ler mais\" \/>\n<meta property=\"og:url\" content=\"https:\/\/www.elmiralldistribuciones.com\/pt-pt\/politica-de-privacidade\/\" \/>\n<meta property=\"og:site_name\" content=\"El Mirall Distribuciones\" \/>\n<meta property=\"article:publisher\" content=\"https:\/\/www.facebook.com\/elmiralldistribuciones\/\" \/>\n<meta property=\"article:modified_time\" content=\"2021-12-21T12:19:10+00:00\" \/>\n<meta name=\"twitter:card\" content=\"summary_large_image\" \/>\n<meta name=\"twitter:label1\" content=\"Tempo estimado de leitura\" \/>\n\t<meta name=\"twitter:data1\" content=\"7 minutos\" \/>\n<!-- \/ Yoast SEO plugin. -->","yoast_head_json":{"title":"Pol\u00edtica de privacidade | El Mirall Distribuciones","robots":{"index":"index","follow":"follow","max-snippet":"max-snippet:-1","max-image-preview":"max-image-preview:large","max-video-preview":"max-video-preview:-1"},"canonical":"https:\/\/www.elmiralldistribuciones.com\/pt-pt\/politica-de-privacidade\/","og_locale":"pt_PT","og_type":"article","og_title":"Pol\u00edtica de privacidade | El Mirall Distribuciones","og_description":"POL\u00cdTICA DE PRIVACIDADE Por meio desta pol\u00edtica de privacidade, queremos inform\u00e1-lo das raz\u00f5es pelas quais coletamos seus dados pessoais, o que fazemos com eles, quais s\u00e3o seus direitos e como voc\u00ea pode exerc\u00ea-los. Se voc\u00ea est\u00e1 realmente interessado no destino de seus dados, recomendamos que voc\u00ea gaste alguns minutos lendo-os. Quem \u00e9 o respons\u00e1vel pelos ... Ler mais","og_url":"https:\/\/www.elmiralldistribuciones.com\/pt-pt\/politica-de-privacidade\/","og_site_name":"El Mirall Distribuciones","article_publisher":"https:\/\/www.facebook.com\/elmiralldistribuciones\/","article_modified_time":"2021-12-21T12:19:10+00:00","twitter_card":"summary_large_image","twitter_misc":{"Tempo estimado de leitura":"7 minutos"},"schema":{"@context":"https:\/\/schema.org","@graph":[{"@type":"WebPage","@id":"https:\/\/www.elmiralldistribuciones.com\/pt-pt\/politica-de-privacidade\/","url":"https:\/\/www.elmiralldistribuciones.com\/pt-pt\/politica-de-privacidade\/","name":"Pol\u00edtica de privacidade | El Mirall Distribuciones","isPartOf":{"@id":"https:\/\/www.elmiralldistribuciones.com\/pt-pt\/#website"},"datePublished":"2021-12-21T12:19:08+00:00","dateModified":"2021-12-21T12:19:10+00:00","breadcrumb":{"@id":"https:\/\/www.elmiralldistribuciones.com\/pt-pt\/politica-de-privacidade\/#breadcrumb"},"inLanguage":"pt-PT","potentialAction":[{"@type":"ReadAction","target":["https:\/\/www.elmiralldistribuciones.com\/pt-pt\/politica-de-privacidade\/"]}]},{"@type":"BreadcrumbList","@id":"https:\/\/www.elmiralldistribuciones.com\/pt-pt\/politica-de-privacidade\/#breadcrumb","itemListElement":[{"@type":"ListItem","position":1,"name":"Portada","item":"https:\/\/www.elmiralldistribuciones.com\/pt-pt\/"},{"@type":"ListItem","position":2,"name":"Pol\u00edtica de privacidade"}]},{"@type":"WebSite","@id":"https:\/\/www.elmiralldistribuciones.com\/pt-pt\/#website","url":"https:\/\/www.elmiralldistribuciones.com\/pt-pt\/","name":"El Mirall Distribuciones","description":"Distribui\u00e7\u00e3o de produtos de barbear, cosm\u00e9ticos e barbearia.","publisher":{"@id":"https:\/\/www.elmiralldistribuciones.com\/pt-pt\/#organization"},"potentialAction":[{"@type":"SearchAction","target":{"@type":"EntryPoint","urlTemplate":"https:\/\/www.elmiralldistribuciones.com\/pt-pt\/?s={search_term_string}"},"query-input":{"@type":"PropertyValueSpecification","valueRequired":true,"valueName":"search_term_string"}}],"inLanguage":"pt-PT"},{"@type":"Organization","@id":"https:\/\/www.elmiralldistribuciones.com\/pt-pt\/#organization","name":"El Mirall Distribuciones","url":"https:\/\/www.elmiralldistribuciones.com\/pt-pt\/","logo":{"@type":"ImageObject","inLanguage":"pt-PT","@id":"https:\/\/www.elmiralldistribuciones.com\/pt-pt\/#\/schema\/logo\/image\/","url":"https:\/\/www.elmiralldistribuciones.com\/wp-content\/uploads\/2016\/12\/logo-cuadrado-elmirall.jpg","contentUrl":"https:\/\/www.elmiralldistribuciones.com\/wp-content\/uploads\/2016\/12\/logo-cuadrado-elmirall.jpg","width":512,"height":512,"caption":"El Mirall Distribuciones"},"image":{"@id":"https:\/\/www.elmiralldistribuciones.com\/pt-pt\/#\/schema\/logo\/image\/"},"sameAs":["https:\/\/www.facebook.com\/elmiralldistribuciones\/","https:\/\/www.instagram.com\/elmiralldistribuciones\/","https:\/\/www.youtube.com\/channel\/UCZ-qeZMG0Wpl30JliLqZtJA"]}]}},"_links":{"self":[{"href":"https:\/\/www.elmiralldistribuciones.com\/pt-pt\/wp-json\/wp\/v2\/pages\/7507","targetHints":{"allow":["GET"]}}],"collection":[{"href":"https:\/\/www.elmiralldistribuciones.com\/pt-pt\/wp-json\/wp\/v2\/pages"}],"about":[{"href":"https:\/\/www.elmiralldistribuciones.com\/pt-pt\/wp-json\/wp\/v2\/types\/page"}],"author":[{"embeddable":true,"href":"https:\/\/www.elmiralldistribuciones.com\/pt-pt\/wp-json\/wp\/v2\/users\/3"}],"replies":[{"embeddable":true,"href":"https:\/\/www.elmiralldistribuciones.com\/pt-pt\/wp-json\/wp\/v2\/comments?post=7507"}],"version-history":[{"count":0,"href":"https:\/\/www.elmiralldistribuciones.com\/pt-pt\/wp-json\/wp\/v2\/pages\/7507\/revisions"}],"wp:attachment":[{"href":"https:\/\/www.elmiralldistribuciones.com\/pt-pt\/wp-json\/wp\/v2\/media?parent=7507"}],"curies":[{"name":"wp","href":"https:\/\/api.w.org\/{rel}","templated":true}]}}