{"id":7553,"date":"2021-12-21T16:37:17","date_gmt":"2021-12-21T15:37:17","guid":{"rendered":"https:\/\/www.elmiralldistribuciones.com\/andis\/"},"modified":"2021-12-21T16:47:32","modified_gmt":"2021-12-21T15:47:32","slug":"andis","status":"publish","type":"page","link":"https:\/\/www.elmiralldistribuciones.com\/pt-pt\/andis\/","title":{"rendered":"Andis"},"content":{"rendered":"\t\t<div data-elementor-type=\"wp-page\" data-elementor-id=\"7553\" class=\"elementor elementor-7553 elementor-5676\" data-elementor-post-type=\"page\">\n\t\t\t\t\t\t<section data-particle_enable=\"false\" data-particle-mobile-disabled=\"false\" class=\"elementor-section elementor-top-section elementor-element elementor-element-5e853c8 elementor-section-boxed elementor-section-height-default elementor-section-height-default\" data-id=\"5e853c8\" data-element_type=\"section\" data-settings=\"{&quot;background_background&quot;:&quot;classic&quot;}\">\n\t\t\t\t\t\t<div class=\"elementor-container elementor-column-gap-default\">\n\t\t\t\t\t<div class=\"elementor-column elementor-col-100 elementor-top-column elementor-element elementor-element-5897249\" data-id=\"5897249\" data-element_type=\"column\">\n\t\t\t<div class=\"elementor-widget-wrap elementor-element-populated\">\n\t\t\t\t\t\t<div class=\"elementor-element elementor-element-43db5ae elementor-widget elementor-widget-image\" data-id=\"43db5ae\" data-element_type=\"widget\" data-widget_type=\"image.default\">\n\t\t\t\t<div class=\"elementor-widget-container\">\n\t\t\t\t\t\t\t\t\t\t\t\t\t<img decoding=\"async\" src=\"https:\/\/www.elmiralldistribuciones.com\/wp-content\/uploads\/elementor\/thumbs\/logo-andis-texto-el-mirall-distribuciones-ore7rc6hhbnakh8r108777l0e8mi2yx8e49w8g5yns.jpg\" title=\"logo-andis-texto-el-mirall-distribuciones\" alt=\"logo-andis-texto-el-mirall-distribuciones\" loading=\"lazy\" \/>\t\t\t\t\t\t\t\t\t\t\t\t\t<\/div>\n\t\t\t\t<\/div>\n\t\t\t\t<div class=\"elementor-element elementor-element-8027c3a elementor-widget elementor-widget-text-editor\" data-id=\"8027c3a\" data-element_type=\"widget\" data-widget_type=\"text-editor.default\">\n\t\t\t\t<div class=\"elementor-widget-container\">\n\t\t\t\t\t\t\t<p>Andis Company, \u00e9 uma empresa familiar fundada em 1922, com sede nos EUA, fabricante l\u00edder de m\u00e1quinas profissionais para corte e retoque de p\u00ealos de pessoas e animais.<\/p>\n<p>A Andis Company se distingue pela qualidade de seus produtos, atendimento ao cliente, inova\u00e7\u00e3o constante e programas educacionais estimulantes. <\/p>\n<p>Por que escolher Andis:<\/p>\n<p>-Por ser uma empresa com 90 anos de hist\u00f3ria, especialista em m\u00e1quinas de corte, desde o desenvolvimento do produto at\u00e9 a produ\u00e7\u00e3o tudo \u00e9 feito dentro da empresa, o que garante a alta qualidade do produto. <\/p>\n<p>-Porque \u00e9 uma empresa em constante evolu\u00e7\u00e3o de produto. Conjuntos de l\u00e2minas em forma de T ou cabe\u00e7as de corte remov\u00edveis sem remover os parafusos s\u00e3o suas inven\u00e7\u00f5es. <\/p>\n<p>-Porque seu valor para o dinheiro. <\/p>\n<p>-Porque conta com servi\u00e7o t\u00e9cnico a pre\u00e7o justo com sobressalentes para todos os modelos profissionais. <\/p>\n<p>-Porque sua linha de produtos \u00e9 voltada para o uso profissional e isso \u00e9 percept\u00edvel a cada novo design que \u00e9 lan\u00e7ado no mercado. <\/p>\n<p>-Porque s\u00e3o m\u00e1quinas potentes com grande autonomia de corte. <\/p>\n<p>-Porque s\u00e3o m\u00e1quinas robustas feitas para durar. <\/p>\n<p>Porque voc\u00ea tem uma ampla gama de produtos para escolher. <\/p>\n<p>-Porque a grande maioria de seus modelos utiliza motores rotativos, o que os torna mais potentes que os concorrentes. <\/p>\n<p>-Porque utilizam exc\u00eantricos de a\u00e7o (parte girat\u00f3ria que movimenta o conjunto de l\u00e2minas), para que essa pe\u00e7a nunca se quebre. <\/p>\n<p>-Porque s\u00e3o especialistas em conjuntos de l\u00e2minas para barbear praticamente a 0.<\/p>\n\t\t\t\t\t\t<\/div>\n\t\t\t\t<\/div>\n\t\t\t\t<div class=\"elementor-element elementor-element-0285e5c elementor-view-default elementor-widget elementor-widget-icon\" data-id=\"0285e5c\" data-element_type=\"widget\" data-widget_type=\"icon.default\">\n\t\t\t\t<div class=\"elementor-widget-container\">\n\t\t\t\t\t<div class=\"elementor-icon-wrapper\">\n\t\t\t<div class=\"elementor-icon\">\n\t\t\t<i aria-hidden=\"true\" class=\"fas fa-angle-down\"><\/i>\t\t\t<\/div>\n\t\t<\/div>\n\t\t\t\t<\/div>\n\t\t\t\t<\/div>\n\t\t\t\t\t<\/div>\n\t\t<\/div>\n\t\t\t\t\t<\/div>\n\t\t<\/section>\n\t\t\t\t<section data-particle_enable=\"false\" data-particle-mobile-disabled=\"false\" class=\"elementor-section elementor-top-section elementor-element elementor-element-98591db elementor-section-stretched elementor-section-full_width elementor-section-height-default elementor-section-height-default\" data-id=\"98591db\" data-element_type=\"section\" data-settings=\"{&quot;stretch_section&quot;:&quot;section-stretched&quot;}\">\n\t\t\t\t\t\t<div class=\"elementor-container elementor-column-gap-default\">\n\t\t\t\t\t<div class=\"elementor-column elementor-col-50 elementor-top-column elementor-element elementor-element-2d060a0\" data-id=\"2d060a0\" data-element_type=\"column\">\n\t\t\t<div class=\"elementor-widget-wrap elementor-element-populated\">\n\t\t\t\t\t\t<div class=\"elementor-element elementor-element-73825f2 elementor-widget elementor-widget-image\" data-id=\"73825f2\" data-element_type=\"widget\" data-widget_type=\"image.default\">\n\t\t\t\t<div class=\"elementor-widget-container\">\n\t\t\t\t\t\t\t\t\t\t\t\t\t<img fetchpriority=\"high\" decoding=\"async\" width=\"1024\" height=\"737\" src=\"https:\/\/www.elmiralldistribuciones.com\/wp-content\/uploads\/2018\/03\/andis-cordless-el-mirall-distribuciones-1024x737.jpg\" class=\"attachment-large size-large wp-image-6993\" alt=\"\" srcset=\"https:\/\/www.elmiralldistribuciones.com\/wp-content\/uploads\/2018\/03\/andis-cordless-el-mirall-distribuciones-1024x737.jpg 1024w, https:\/\/www.elmiralldistribuciones.com\/wp-content\/uploads\/2018\/03\/andis-cordless-el-mirall-distribuciones-300x216.jpg 300w, https:\/\/www.elmiralldistribuciones.com\/wp-content\/uploads\/2018\/03\/andis-cordless-el-mirall-distribuciones-768x553.jpg 768w, https:\/\/www.elmiralldistribuciones.com\/wp-content\/uploads\/2018\/03\/andis-cordless-el-mirall-distribuciones-764x550.jpg 764w, https:\/\/www.elmiralldistribuciones.com\/wp-content\/uploads\/2018\/03\/andis-cordless-el-mirall-distribuciones.jpg 1200w\" sizes=\"(max-width: 1024px) 100vw, 1024px\" \/>\t\t\t\t\t\t\t\t\t\t\t\t\t<\/div>\n\t\t\t\t<\/div>\n\t\t\t\t\t<\/div>\n\t\t<\/div>\n\t\t\t\t<div class=\"elementor-column elementor-col-50 elementor-top-column elementor-element elementor-element-cb3e2ef\" data-id=\"cb3e2ef\" data-element_type=\"column\">\n\t\t\t<div class=\"elementor-widget-wrap elementor-element-populated\">\n\t\t\t\t\t\t<div class=\"elementor-element elementor-element-42e9edc elementor-widget elementor-widget-image\" data-id=\"42e9edc\" data-element_type=\"widget\" data-widget_type=\"image.default\">\n\t\t\t\t<div class=\"elementor-widget-container\">\n\t\t\t\t\t\t\t\t\t\t\t\t\t<img decoding=\"async\" width=\"1024\" height=\"737\" src=\"https:\/\/www.elmiralldistribuciones.com\/wp-content\/uploads\/2018\/03\/andis-catalogo-el-mirall-distribuciones-1024x737.jpg\" class=\"attachment-large size-large wp-image-6995\" alt=\"\" srcset=\"https:\/\/www.elmiralldistribuciones.com\/wp-content\/uploads\/2018\/03\/andis-catalogo-el-mirall-distribuciones-1024x737.jpg 1024w, https:\/\/www.elmiralldistribuciones.com\/wp-content\/uploads\/2018\/03\/andis-catalogo-el-mirall-distribuciones-300x216.jpg 300w, https:\/\/www.elmiralldistribuciones.com\/wp-content\/uploads\/2018\/03\/andis-catalogo-el-mirall-distribuciones-768x553.jpg 768w, https:\/\/www.elmiralldistribuciones.com\/wp-content\/uploads\/2018\/03\/andis-catalogo-el-mirall-distribuciones-764x550.jpg 764w, https:\/\/www.elmiralldistribuciones.com\/wp-content\/uploads\/2018\/03\/andis-catalogo-el-mirall-distribuciones.jpg 1200w\" sizes=\"(max-width: 1024px) 100vw, 1024px\" \/>\t\t\t\t\t\t\t\t\t\t\t\t\t<\/div>\n\t\t\t\t<\/div>\n\t\t\t\t\t<\/div>\n\t\t<\/div>\n\t\t\t\t\t<\/div>\n\t\t<\/section>\n\t\t\t\t<section data-particle_enable=\"false\" data-particle-mobile-disabled=\"false\" class=\"elementor-section elementor-top-section elementor-element elementor-element-349369f elementor-section-stretched elementor-section-full_width elementor-section-height-default elementor-section-height-default\" data-id=\"349369f\" data-element_type=\"section\" data-settings=\"{&quot;stretch_section&quot;:&quot;section-stretched&quot;}\">\n\t\t\t\t\t\t<div class=\"elementor-container elementor-column-gap-default\">\n\t\t\t\t\t<div class=\"elementor-column elementor-col-100 elementor-top-column elementor-element elementor-element-d5bac19\" data-id=\"d5bac19\" data-element_type=\"column\">\n\t\t\t<div class=\"elementor-widget-wrap elementor-element-populated\">\n\t\t\t\t\t\t<div class=\"elementor-element elementor-element-704b3fc elementor-pagination-position-outside elementor-widget elementor-widget-image-carousel\" data-id=\"704b3fc\" data-element_type=\"widget\" data-settings=\"{&quot;navigation&quot;:&quot;dots&quot;,&quot;autoplay_speed&quot;:2500,&quot;autoplay&quot;:&quot;yes&quot;,&quot;pause_on_hover&quot;:&quot;yes&quot;,&quot;pause_on_interaction&quot;:&quot;yes&quot;,&quot;infinite&quot;:&quot;yes&quot;,&quot;speed&quot;:500,&quot;image_spacing_custom&quot;:{&quot;unit&quot;:&quot;px&quot;,&quot;size&quot;:20,&quot;sizes&quot;:[]},&quot;image_spacing_custom_tablet&quot;:{&quot;unit&quot;:&quot;px&quot;,&quot;size&quot;:&quot;&quot;,&quot;sizes&quot;:[]},&quot;image_spacing_custom_mobile&quot;:{&quot;unit&quot;:&quot;px&quot;,&quot;size&quot;:&quot;&quot;,&quot;sizes&quot;:[]}}\" data-widget_type=\"image-carousel.default\">\n\t\t\t\t<div class=\"elementor-widget-container\">\n\t\t\t\t\t<div class=\"elementor-image-carousel-wrapper swiper\" dir=\"ltr\">\n\t\t\t<div class=\"elementor-image-carousel swiper-wrapper\" aria-live=\"off\">\n\t\t\t\t\t\t\t\t<div class=\"swiper-slide\" role=\"group\" aria-roledescription=\"slide\" aria-label=\"1 of 4\"><figure class=\"swiper-slide-inner\"><img decoding=\"async\" class=\"swiper-slide-image\" src=\"https:\/\/www.elmiralldistribuciones.com\/wp-content\/uploads\/2020\/07\/andis1.jpg\" alt=\"andis1\" \/><\/figure><\/div><div class=\"swiper-slide\" role=\"group\" aria-roledescription=\"slide\" aria-label=\"2 of 4\"><figure class=\"swiper-slide-inner\"><img decoding=\"async\" class=\"swiper-slide-image\" src=\"https:\/\/www.elmiralldistribuciones.com\/wp-content\/uploads\/2020\/07\/andis3.jpg\" alt=\"andis3\" \/><\/figure><\/div><div class=\"swiper-slide\" role=\"group\" aria-roledescription=\"slide\" aria-label=\"3 of 4\"><figure class=\"swiper-slide-inner\"><img decoding=\"async\" class=\"swiper-slide-image\" src=\"https:\/\/www.elmiralldistribuciones.com\/wp-content\/uploads\/2020\/07\/andis4.jpg\" alt=\"andis4\" \/><\/figure><\/div><div class=\"swiper-slide\" role=\"group\" aria-roledescription=\"slide\" aria-label=\"4 of 4\"><figure class=\"swiper-slide-inner\"><img decoding=\"async\" class=\"swiper-slide-image\" src=\"https:\/\/www.elmiralldistribuciones.com\/wp-content\/uploads\/2020\/07\/anids2.jpg\" alt=\"anids2\" \/><\/figure><\/div>\t\t\t<\/div>\n\t\t\t\t\t\t\t\n\t\t\t\t\t\t\t\t\t<div class=\"swiper-pagination\"><\/div>\n\t\t\t\t\t\t\t\t\t<\/div>\n\t\t\t\t<\/div>\n\t\t\t\t<\/div>\n\t\t\t\t\t<\/div>\n\t\t<\/div>\n\t\t\t\t\t<\/div>\n\t\t<\/section>\n\t\t\t\t<\/div>\n\t\t","protected":false},"excerpt":{"rendered":"<p>Andis Company, \u00e9 uma empresa familiar fundada em 1922, com sede nos EUA, fabricante l\u00edder de m\u00e1quinas profissionais para corte e retoque de p\u00ealos de pessoas e animais. A Andis Company se distingue pela qualidade de seus produtos, atendimento ao cliente, inova\u00e7\u00e3o constante e programas educacionais estimulantes. Por que escolher Andis: -Por ser uma empresa &#8230; <a title=\"Andis\" class=\"read-more\" href=\"https:\/\/www.elmiralldistribuciones.com\/pt-pt\/andis\/\" aria-label=\"Leia mais sobre Andis\">Ler mais<\/a><\/p>\n","protected":false},"author":3,"featured_media":0,"parent":0,"menu_order":0,"comment_status":"closed","ping_status":"closed","template":"elementor_header_footer","meta":{"footnotes":""},"class_list":["post-7553","page","type-page","status-publish"],"yoast_head":"<!-- This site is optimized with the Yoast SEO plugin v24.0 - https:\/\/yoast.com\/wordpress\/plugins\/seo\/ -->\n<title>Andis | El Mirall Distribuciones<\/title>\n<meta name=\"robots\" content=\"index, follow, max-snippet:-1, max-image-preview:large, max-video-preview:-1\" \/>\n<link rel=\"canonical\" href=\"https:\/\/www.elmiralldistribuciones.com\/pt-pt\/andis\/\" \/>\n<meta property=\"og:locale\" content=\"pt_PT\" \/>\n<meta property=\"og:type\" content=\"article\" \/>\n<meta property=\"og:title\" content=\"Andis | El Mirall Distribuciones\" \/>\n<meta property=\"og:description\" content=\"Andis Company, \u00e9 uma empresa familiar fundada em 1922, com sede nos EUA, fabricante l\u00edder de m\u00e1quinas profissionais para corte e retoque de p\u00ealos de pessoas e animais. A Andis Company se distingue pela qualidade de seus produtos, atendimento ao cliente, inova\u00e7\u00e3o constante e programas educacionais estimulantes. Por que escolher Andis: -Por ser uma empresa ... Ler mais\" \/>\n<meta property=\"og:url\" content=\"https:\/\/www.elmiralldistribuciones.com\/pt-pt\/andis\/\" \/>\n<meta property=\"og:site_name\" content=\"El Mirall Distribuciones\" \/>\n<meta property=\"article:publisher\" content=\"https:\/\/www.facebook.com\/elmiralldistribuciones\/\" \/>\n<meta property=\"article:modified_time\" content=\"2021-12-21T15:47:32+00:00\" \/>\n<meta property=\"og:image\" content=\"https:\/\/www.elmiralldistribuciones.com\/pruebas\/wp-content\/uploads\/2018\/03\/logo-andis-texto-el-mirall-distribuciones.jpg\" \/>\n<meta name=\"twitter:card\" content=\"summary_large_image\" \/>\n<meta name=\"twitter:label1\" content=\"Tempo estimado de leitura\" \/>\n\t<meta name=\"twitter:data1\" content=\"1 minuto\" \/>\n<!-- \/ Yoast SEO plugin. -->","yoast_head_json":{"title":"Andis | El Mirall Distribuciones","robots":{"index":"index","follow":"follow","max-snippet":"max-snippet:-1","max-image-preview":"max-image-preview:large","max-video-preview":"max-video-preview:-1"},"canonical":"https:\/\/www.elmiralldistribuciones.com\/pt-pt\/andis\/","og_locale":"pt_PT","og_type":"article","og_title":"Andis | El Mirall Distribuciones","og_description":"Andis Company, \u00e9 uma empresa familiar fundada em 1922, com sede nos EUA, fabricante l\u00edder de m\u00e1quinas profissionais para corte e retoque de p\u00ealos de pessoas e animais. A Andis Company se distingue pela qualidade de seus produtos, atendimento ao cliente, inova\u00e7\u00e3o constante e programas educacionais estimulantes. Por que escolher Andis: -Por ser uma empresa ... Ler mais","og_url":"https:\/\/www.elmiralldistribuciones.com\/pt-pt\/andis\/","og_site_name":"El Mirall Distribuciones","article_publisher":"https:\/\/www.facebook.com\/elmiralldistribuciones\/","article_modified_time":"2021-12-21T15:47:32+00:00","og_image":[{"url":"https:\/\/www.elmiralldistribuciones.com\/pruebas\/wp-content\/uploads\/2018\/03\/logo-andis-texto-el-mirall-distribuciones.jpg","type":"","width":"","height":""}],"twitter_card":"summary_large_image","twitter_misc":{"Tempo estimado de leitura":"1 minuto"},"schema":{"@context":"https:\/\/schema.org","@graph":[{"@type":"WebPage","@id":"https:\/\/www.elmiralldistribuciones.com\/pt-pt\/andis\/","url":"https:\/\/www.elmiralldistribuciones.com\/pt-pt\/andis\/","name":"Andis | El Mirall Distribuciones","isPartOf":{"@id":"https:\/\/www.elmiralldistribuciones.com\/pt-pt\/#website"},"primaryImageOfPage":{"@id":"https:\/\/www.elmiralldistribuciones.com\/pt-pt\/andis\/#primaryimage"},"image":{"@id":"https:\/\/www.elmiralldistribuciones.com\/pt-pt\/andis\/#primaryimage"},"thumbnailUrl":"https:\/\/www.elmiralldistribuciones.com\/pruebas\/wp-content\/uploads\/2018\/03\/logo-andis-texto-el-mirall-distribuciones.jpg","datePublished":"2021-12-21T15:37:17+00:00","dateModified":"2021-12-21T15:47:32+00:00","breadcrumb":{"@id":"https:\/\/www.elmiralldistribuciones.com\/pt-pt\/andis\/#breadcrumb"},"inLanguage":"pt-PT","potentialAction":[{"@type":"ReadAction","target":["https:\/\/www.elmiralldistribuciones.com\/pt-pt\/andis\/"]}]},{"@type":"ImageObject","inLanguage":"pt-PT","@id":"https:\/\/www.elmiralldistribuciones.com\/pt-pt\/andis\/#primaryimage","url":"https:\/\/www.elmiralldistribuciones.com\/pruebas\/wp-content\/uploads\/2018\/03\/logo-andis-texto-el-mirall-distribuciones.jpg","contentUrl":"https:\/\/www.elmiralldistribuciones.com\/pruebas\/wp-content\/uploads\/2018\/03\/logo-andis-texto-el-mirall-distribuciones.jpg"},{"@type":"BreadcrumbList","@id":"https:\/\/www.elmiralldistribuciones.com\/pt-pt\/andis\/#breadcrumb","itemListElement":[{"@type":"ListItem","position":1,"name":"Portada","item":"https:\/\/www.elmiralldistribuciones.com\/pt-pt\/"},{"@type":"ListItem","position":2,"name":"Andis"}]},{"@type":"WebSite","@id":"https:\/\/www.elmiralldistribuciones.com\/pt-pt\/#website","url":"https:\/\/www.elmiralldistribuciones.com\/pt-pt\/","name":"El Mirall Distribuciones","description":"Distribui\u00e7\u00e3o de produtos de barbear, cosm\u00e9ticos e barbearia.","publisher":{"@id":"https:\/\/www.elmiralldistribuciones.com\/pt-pt\/#organization"},"potentialAction":[{"@type":"SearchAction","target":{"@type":"EntryPoint","urlTemplate":"https:\/\/www.elmiralldistribuciones.com\/pt-pt\/?s={search_term_string}"},"query-input":{"@type":"PropertyValueSpecification","valueRequired":true,"valueName":"search_term_string"}}],"inLanguage":"pt-PT"},{"@type":"Organization","@id":"https:\/\/www.elmiralldistribuciones.com\/pt-pt\/#organization","name":"El Mirall Distribuciones","url":"https:\/\/www.elmiralldistribuciones.com\/pt-pt\/","logo":{"@type":"ImageObject","inLanguage":"pt-PT","@id":"https:\/\/www.elmiralldistribuciones.com\/pt-pt\/#\/schema\/logo\/image\/","url":"https:\/\/www.elmiralldistribuciones.com\/wp-content\/uploads\/2016\/12\/logo-cuadrado-elmirall.jpg","contentUrl":"https:\/\/www.elmiralldistribuciones.com\/wp-content\/uploads\/2016\/12\/logo-cuadrado-elmirall.jpg","width":512,"height":512,"caption":"El Mirall Distribuciones"},"image":{"@id":"https:\/\/www.elmiralldistribuciones.com\/pt-pt\/#\/schema\/logo\/image\/"},"sameAs":["https:\/\/www.facebook.com\/elmiralldistribuciones\/","https:\/\/www.instagram.com\/elmiralldistribuciones\/","https:\/\/www.youtube.com\/channel\/UCZ-qeZMG0Wpl30JliLqZtJA"]}]}},"_links":{"self":[{"href":"https:\/\/www.elmiralldistribuciones.com\/pt-pt\/wp-json\/wp\/v2\/pages\/7553","targetHints":{"allow":["GET"]}}],"collection":[{"href":"https:\/\/www.elmiralldistribuciones.com\/pt-pt\/wp-json\/wp\/v2\/pages"}],"about":[{"href":"https:\/\/www.elmiralldistribuciones.com\/pt-pt\/wp-json\/wp\/v2\/types\/page"}],"author":[{"embeddable":true,"href":"https:\/\/www.elmiralldistribuciones.com\/pt-pt\/wp-json\/wp\/v2\/users\/3"}],"replies":[{"embeddable":true,"href":"https:\/\/www.elmiralldistribuciones.com\/pt-pt\/wp-json\/wp\/v2\/comments?post=7553"}],"version-history":[{"count":0,"href":"https:\/\/www.elmiralldistribuciones.com\/pt-pt\/wp-json\/wp\/v2\/pages\/7553\/revisions"}],"wp:attachment":[{"href":"https:\/\/www.elmiralldistribuciones.com\/pt-pt\/wp-json\/wp\/v2\/media?parent=7553"}],"curies":[{"name":"wp","href":"https:\/\/api.w.org\/{rel}","templated":true}]}}