{"id":7569,"date":"2021-12-21T17:10:08","date_gmt":"2021-12-21T16:10:08","guid":{"rendered":"https:\/\/www.elmiralldistribuciones.com\/epsilon\/"},"modified":"2021-12-21T17:10:09","modified_gmt":"2021-12-21T16:10:09","slug":"epsilon","status":"publish","type":"page","link":"https:\/\/www.elmiralldistribuciones.com\/pt-pt\/epsilon\/","title":{"rendered":"Epsilon"},"content":{"rendered":"\t\t<div data-elementor-type=\"wp-page\" data-elementor-id=\"7569\" class=\"elementor elementor-7569 elementor-5600\" data-elementor-post-type=\"page\">\n\t\t\t\t\t\t<section data-particle_enable=\"false\" data-particle-mobile-disabled=\"false\" class=\"elementor-section elementor-top-section elementor-element elementor-element-5e853c8 elementor-section-boxed elementor-section-height-default elementor-section-height-default\" data-id=\"5e853c8\" data-element_type=\"section\" data-settings=\"{&quot;background_background&quot;:&quot;classic&quot;}\">\n\t\t\t\t\t\t<div class=\"elementor-container elementor-column-gap-default\">\n\t\t\t\t\t<div class=\"elementor-column elementor-col-100 elementor-top-column elementor-element elementor-element-5897249\" data-id=\"5897249\" data-element_type=\"column\">\n\t\t\t<div class=\"elementor-widget-wrap elementor-element-populated\">\n\t\t\t\t\t\t<div class=\"elementor-element elementor-element-43db5ae elementor-widget elementor-widget-image\" data-id=\"43db5ae\" data-element_type=\"widget\" data-widget_type=\"image.default\">\n\t\t\t\t<div class=\"elementor-widget-container\">\n\t\t\t\t\t\t\t\t\t\t\t\t\t<img decoding=\"async\" src=\"https:\/\/www.elmiralldistribuciones.com\/wp-content\/uploads\/elementor\/thumbs\/logo-epsilon-el-mirall-distribuciones-ore7rc6hhbnakh8r108777l0e8mi2yx8e49w8g5yns.jpg\" title=\"logo-epsilon-el-mirall-distribuciones\" alt=\"Epsilon logo\" loading=\"lazy\" \/>\t\t\t\t\t\t\t\t\t\t\t\t\t<\/div>\n\t\t\t\t<\/div>\n\t\t\t\t<div class=\"elementor-element elementor-element-8027c3a elementor-widget elementor-widget-text-editor\" data-id=\"8027c3a\" data-element_type=\"widget\" data-widget_type=\"text-editor.default\">\n\t\t\t\t<div class=\"elementor-widget-container\">\n\t\t\t\t\t\t\t<div class=\"md-text-container md_text_style-5ef46175256e3 has-animation md-align-left wpb_wrapper wpb_md_text_wrapper ui-md_text show-animation\" data-animation-speed=\"400\" data-animation-delay=\"0.2\" data-animation-position=\"left\" data-animation-show=\"once\" data-animation-easing=\"Quart.easeInOut\">\n<div class=\"md-text gizmo-container\">\n<div class=\"md-text-content inline-editor \">\n<p class=\"MsoNormal\" style=\"margin-bottom: 0.0001pt; line-height: 21pt; background-image: initial; background-position: initial; background-size: initial; background-repeat: initial; background-attachment: initial; background-origin: initial; background-clip: initial;\"><span style=\"font-size: 13.5pt; font-family: 'Roboto',serif; mso-fareast-font-family: 'Times New Roman'; mso-bidi-font-family: 'Times New Roman'; color: #252525; mso-fareast-language: ES;\">Da paix\u00e3o pela depila\u00e7\u00e3o cl\u00e1ssica nasceu a marca <b>Epsilon.<\/b> Uma cuidadosa selec\u00e7\u00e3o de produtos desenvolvidos para as necessidades dos mais exigentes \u201cbarbeadores\u201d e profissionais. <\/span><span style=\"font-size: 13.5pt; font-family: 'Roboto',serif; mso-fareast-font-family: 'Times New Roman'; mso-bidi-font-family: 'Times New Roman'; color: #252525; mso-fareast-language: ES;\">Cada um de nossos produtos carrega consigo um intenso trabalho de desenvolvimento e estudo das preocupa\u00e7\u00f5es e tend\u00eancias do mercado. <\/span><span style=\"font-size: 13.5pt; font-family: 'Roboto',serif; mso-fareast-font-family: 'Times New Roman'; mso-bidi-font-family: 'Times New Roman'; color: #252525; mso-fareast-language: ES;\">Edi\u00e7\u00f5es limitadas exclusivas de pinc\u00e9is de barbear, pinc\u00e9is &#8220;Basic&#8221; com todos os tipos de cabelos, acess\u00f3rios para barbear e uma nova linha de p\u00f3s-barba com um marcado car\u00e1cter cl\u00e1ssico, que renova e melhora a ess\u00eancia da aut\u00eantica barbearia. <\/span><b><span style=\"font-size: 13.5pt; font-family: 'Roboto',serif; mso-fareast-font-family: 'Times New Roman'; mso-bidi-font-family: 'Times New Roman'; color: #252525; mso-fareast-language: ES;\">Epsilon<\/span><\/b><span style=\"font-size: 13.5pt; font-family: Roboto, serif; color: #252525;\"> busca preencher o nicho de barbear com produtos genu\u00ednos e pessoais. Procuramos transmitir o nosso entusiasmo pelo barbear atrav\u00e9s da qualidade e funcionalidade das nossas propostas particulares.<\/span><\/p>\n<\/div>\n<\/div>\n<\/div>\n\t\t\t\t\t\t<\/div>\n\t\t\t\t<\/div>\n\t\t\t\t<div class=\"elementor-element elementor-element-0285e5c elementor-view-default elementor-widget elementor-widget-icon\" data-id=\"0285e5c\" data-element_type=\"widget\" data-widget_type=\"icon.default\">\n\t\t\t\t<div class=\"elementor-widget-container\">\n\t\t\t\t\t<div class=\"elementor-icon-wrapper\">\n\t\t\t<div class=\"elementor-icon\">\n\t\t\t<i aria-hidden=\"true\" class=\"fas fa-angle-down\"><\/i>\t\t\t<\/div>\n\t\t<\/div>\n\t\t\t\t<\/div>\n\t\t\t\t<\/div>\n\t\t\t\t\t<\/div>\n\t\t<\/div>\n\t\t\t\t\t<\/div>\n\t\t<\/section>\n\t\t\t\t<section data-particle_enable=\"false\" data-particle-mobile-disabled=\"false\" class=\"elementor-section elementor-top-section elementor-element elementor-element-349369f elementor-section-stretched elementor-section-full_width elementor-section-height-default elementor-section-height-default\" data-id=\"349369f\" data-element_type=\"section\" data-settings=\"{&quot;stretch_section&quot;:&quot;section-stretched&quot;}\">\n\t\t\t\t\t\t<div class=\"elementor-container elementor-column-gap-default\">\n\t\t\t\t\t<div class=\"elementor-column elementor-col-100 elementor-top-column elementor-element elementor-element-d5bac19\" data-id=\"d5bac19\" data-element_type=\"column\">\n\t\t\t<div class=\"elementor-widget-wrap elementor-element-populated\">\n\t\t\t\t\t\t<div class=\"elementor-element elementor-element-704b3fc elementor-pagination-position-outside elementor-widget elementor-widget-image-carousel\" data-id=\"704b3fc\" data-element_type=\"widget\" data-settings=\"{&quot;navigation&quot;:&quot;dots&quot;,&quot;autoplay_speed&quot;:2500,&quot;autoplay&quot;:&quot;yes&quot;,&quot;pause_on_hover&quot;:&quot;yes&quot;,&quot;pause_on_interaction&quot;:&quot;yes&quot;,&quot;infinite&quot;:&quot;yes&quot;,&quot;speed&quot;:500,&quot;image_spacing_custom&quot;:{&quot;unit&quot;:&quot;px&quot;,&quot;size&quot;:20,&quot;sizes&quot;:[]},&quot;image_spacing_custom_tablet&quot;:{&quot;unit&quot;:&quot;px&quot;,&quot;size&quot;:&quot;&quot;,&quot;sizes&quot;:[]},&quot;image_spacing_custom_mobile&quot;:{&quot;unit&quot;:&quot;px&quot;,&quot;size&quot;:&quot;&quot;,&quot;sizes&quot;:[]}}\" data-widget_type=\"image-carousel.default\">\n\t\t\t\t<div class=\"elementor-widget-container\">\n\t\t\t\t\t<div class=\"elementor-image-carousel-wrapper swiper\" dir=\"ltr\">\n\t\t\t<div class=\"elementor-image-carousel swiper-wrapper\" aria-live=\"off\">\n\t\t\t\t\t\t\t\t<div class=\"swiper-slide\" role=\"group\" aria-roledescription=\"slide\" aria-label=\"1 of 3\"><figure class=\"swiper-slide-inner\"><img decoding=\"async\" class=\"swiper-slide-image\" src=\"https:\/\/www.elmiralldistribuciones.com\/wp-content\/uploads\/elementor\/thumbs\/epsilon-blue-mediterranean-el-mirall-distribuciones-owk32bs9a3crmprq123rnvjbllqp0500plr561kz9k.jpg\" alt=\"epsilon-blue-mediterranean-el-mirall-distribuciones\" \/><\/figure><\/div><div class=\"swiper-slide\" role=\"group\" aria-roledescription=\"slide\" aria-label=\"2 of 3\"><figure class=\"swiper-slide-inner\"><img decoding=\"async\" class=\"swiper-slide-image\" src=\"https:\/\/www.elmiralldistribuciones.com\/wp-content\/uploads\/elementor\/thumbs\/brochas-boles-epsilon-el-mirall-distribuciones-owk333zez4fdb0mrgeakqof5f5vpf23ythbpkcf62w.jpg\" alt=\"brochas-boles-epsilon-el-mirall-distribuciones\" \/><\/figure><\/div><div class=\"swiper-slide\" role=\"group\" aria-roledescription=\"slide\" aria-label=\"3 of 3\"><figure class=\"swiper-slide-inner\"><img decoding=\"async\" class=\"swiper-slide-image\" src=\"https:\/\/www.elmiralldistribuciones.com\/wp-content\/uploads\/elementor\/thumbs\/epsilon-el-mirall-distribuciones-owk31zkct8w1fs9h0etm9gmbvlex82nibx9txg33ig.jpg\" alt=\"epsilon-el-mirall-distribuciones\" \/><\/figure><\/div>\t\t\t<\/div>\n\t\t\t\t\t\t\t\n\t\t\t\t\t\t\t\t\t<div class=\"swiper-pagination\"><\/div>\n\t\t\t\t\t\t\t\t\t<\/div>\n\t\t\t\t<\/div>\n\t\t\t\t<\/div>\n\t\t\t\t\t<\/div>\n\t\t<\/div>\n\t\t\t\t\t<\/div>\n\t\t<\/section>\n\t\t\t\t<section data-particle_enable=\"false\" data-particle-mobile-disabled=\"false\" class=\"elementor-section elementor-top-section elementor-element elementor-element-1c44633 elementor-section-boxed elementor-section-height-default elementor-section-height-default\" data-id=\"1c44633\" data-element_type=\"section\" data-settings=\"{&quot;background_background&quot;:&quot;classic&quot;}\">\n\t\t\t\t\t\t<div class=\"elementor-container elementor-column-gap-default\">\n\t\t\t\t\t<div class=\"elementor-column elementor-col-33 elementor-top-column elementor-element elementor-element-d9db146\" data-id=\"d9db146\" data-element_type=\"column\">\n\t\t\t<div class=\"elementor-widget-wrap elementor-element-populated\">\n\t\t\t\t\t\t<section data-particle_enable=\"false\" data-particle-mobile-disabled=\"false\" class=\"elementor-section elementor-inner-section elementor-element elementor-element-e2b378e elementor-section-boxed elementor-section-height-default elementor-section-height-default\" data-id=\"e2b378e\" data-element_type=\"section\">\n\t\t\t\t\t\t<div class=\"elementor-container elementor-column-gap-default\">\n\t\t\t\t\t<div class=\"elementor-column elementor-col-50 elementor-inner-column elementor-element elementor-element-1e4a46d\" data-id=\"1e4a46d\" data-element_type=\"column\">\n\t\t\t<div class=\"elementor-widget-wrap elementor-element-populated\">\n\t\t\t\t\t\t<div class=\"elementor-element elementor-element-2010ffa elementor-widget-divider--view-line elementor-widget elementor-widget-divider\" data-id=\"2010ffa\" data-element_type=\"widget\" data-widget_type=\"divider.default\">\n\t\t\t\t<div class=\"elementor-widget-container\">\n\t\t\t\t\t<div class=\"elementor-divider\">\n\t\t\t<span class=\"elementor-divider-separator\">\n\t\t\t\t\t\t<\/span>\n\t\t<\/div>\n\t\t\t\t<\/div>\n\t\t\t\t<\/div>\n\t\t\t\t\t<\/div>\n\t\t<\/div>\n\t\t\t\t<div class=\"elementor-column elementor-col-50 elementor-inner-column elementor-element elementor-element-9185eae\" data-id=\"9185eae\" data-element_type=\"column\">\n\t\t\t<div class=\"elementor-widget-wrap elementor-element-populated\">\n\t\t\t\t\t\t<div class=\"elementor-element elementor-element-91e2ecb elementor-widget elementor-widget-heading\" data-id=\"91e2ecb\" data-element_type=\"widget\" data-widget_type=\"heading.default\">\n\t\t\t\t<div class=\"elementor-widget-container\">\n\t\t\t<h3 class=\"elementor-heading-title elementor-size-default\">After Shave Epsilon <\/h3>\t\t<\/div>\n\t\t\t\t<\/div>\n\t\t\t\t\t<\/div>\n\t\t<\/div>\n\t\t\t\t\t<\/div>\n\t\t<\/section>\n\t\t\t\t<div class=\"elementor-element elementor-element-02ae12f elementor-widget elementor-widget-text-editor\" data-id=\"02ae12f\" data-element_type=\"widget\" data-widget_type=\"text-editor.default\">\n\t\t\t\t<div class=\"elementor-widget-container\">\n\t\t\t\t\t\t\t<p>Nosso objetivo, trazer de volta o grande cl\u00e1ssico do barbear. Uma aut\u00eantica demonstra\u00e7\u00e3o de frescura que se ado\u00e7a com o seu peculiar e requintado aroma c\u00edtrico. O equil\u00edbrio entre o presente e o passado.<\/p>\n\t\t\t\t\t\t<\/div>\n\t\t\t\t<\/div>\n\t\t\t\t\t<\/div>\n\t\t<\/div>\n\t\t\t\t<div class=\"elementor-column elementor-col-33 elementor-top-column elementor-element elementor-element-0c41c2c\" data-id=\"0c41c2c\" data-element_type=\"column\">\n\t\t\t<div class=\"elementor-widget-wrap elementor-element-populated\">\n\t\t\t\t\t\t<section data-particle_enable=\"false\" data-particle-mobile-disabled=\"false\" class=\"elementor-section elementor-inner-section elementor-element elementor-element-bfaafe2 elementor-section-boxed elementor-section-height-default elementor-section-height-default\" data-id=\"bfaafe2\" data-element_type=\"section\">\n\t\t\t\t\t\t<div class=\"elementor-container elementor-column-gap-default\">\n\t\t\t\t\t<div class=\"elementor-column elementor-col-50 elementor-inner-column elementor-element elementor-element-3a90771\" data-id=\"3a90771\" data-element_type=\"column\">\n\t\t\t<div class=\"elementor-widget-wrap elementor-element-populated\">\n\t\t\t\t\t\t<div class=\"elementor-element elementor-element-c65a028 elementor-widget-divider--view-line elementor-widget elementor-widget-divider\" data-id=\"c65a028\" data-element_type=\"widget\" data-widget_type=\"divider.default\">\n\t\t\t\t<div class=\"elementor-widget-container\">\n\t\t\t\t\t<div class=\"elementor-divider\">\n\t\t\t<span class=\"elementor-divider-separator\">\n\t\t\t\t\t\t<\/span>\n\t\t<\/div>\n\t\t\t\t<\/div>\n\t\t\t\t<\/div>\n\t\t\t\t\t<\/div>\n\t\t<\/div>\n\t\t\t\t<div class=\"elementor-column elementor-col-50 elementor-inner-column elementor-element elementor-element-fb797aa\" data-id=\"fb797aa\" data-element_type=\"column\">\n\t\t\t<div class=\"elementor-widget-wrap elementor-element-populated\">\n\t\t\t\t\t\t<div class=\"elementor-element elementor-element-52e641f elementor-widget elementor-widget-heading\" data-id=\"52e641f\" data-element_type=\"widget\" data-widget_type=\"heading.default\">\n\t\t\t\t<div class=\"elementor-widget-container\">\n\t\t\t<h3 class=\"elementor-heading-title elementor-size-default\">After Shave Epsilon <\/h3>\t\t<\/div>\n\t\t\t\t<\/div>\n\t\t\t\t\t<\/div>\n\t\t<\/div>\n\t\t\t\t\t<\/div>\n\t\t<\/section>\n\t\t\t\t<div class=\"elementor-element elementor-element-d4f3b19 elementor-widget elementor-widget-text-editor\" data-id=\"d4f3b19\" data-element_type=\"widget\" data-widget_type=\"text-editor.default\">\n\t\t\t\t<div class=\"elementor-widget-container\">\n\t\t\t\t\t\t\t<p>Uma sensa\u00e7\u00e3o indescrit\u00edvel de \u201cSplash\u201d que enche o barbear do dia a dia de mem\u00f3rias. Acalma e revitaliza a pele, deixando uma agrad\u00e1vel sensa\u00e7\u00e3o de bem-estar. Fecha os poros evitando infec\u00e7\u00f5es gra\u00e7as ao seu efeito anti-s\u00e9ptico e adstringente. A glicerina proporciona a hidrata\u00e7\u00e3o ideal a mais \u00e0 f\u00f3rmula.<\/p>\n\t\t\t\t\t\t<\/div>\n\t\t\t\t<\/div>\n\t\t\t\t\t<\/div>\n\t\t<\/div>\n\t\t\t\t<div class=\"elementor-column elementor-col-33 elementor-top-column elementor-element elementor-element-8b3f51a\" data-id=\"8b3f51a\" data-element_type=\"column\">\n\t\t\t<div class=\"elementor-widget-wrap elementor-element-populated\">\n\t\t\t\t\t\t<section data-particle_enable=\"false\" data-particle-mobile-disabled=\"false\" class=\"elementor-section elementor-inner-section elementor-element elementor-element-82c9d53 elementor-section-boxed elementor-section-height-default elementor-section-height-default\" data-id=\"82c9d53\" data-element_type=\"section\">\n\t\t\t\t\t\t<div class=\"elementor-container elementor-column-gap-default\">\n\t\t\t\t\t<div class=\"elementor-column elementor-col-50 elementor-inner-column elementor-element elementor-element-d67727b\" data-id=\"d67727b\" data-element_type=\"column\">\n\t\t\t<div class=\"elementor-widget-wrap elementor-element-populated\">\n\t\t\t\t\t\t<div class=\"elementor-element elementor-element-ac188bf elementor-widget-divider--view-line elementor-widget elementor-widget-divider\" data-id=\"ac188bf\" data-element_type=\"widget\" data-widget_type=\"divider.default\">\n\t\t\t\t<div class=\"elementor-widget-container\">\n\t\t\t\t\t<div class=\"elementor-divider\">\n\t\t\t<span class=\"elementor-divider-separator\">\n\t\t\t\t\t\t<\/span>\n\t\t<\/div>\n\t\t\t\t<\/div>\n\t\t\t\t<\/div>\n\t\t\t\t\t<\/div>\n\t\t<\/div>\n\t\t\t\t<div class=\"elementor-column elementor-col-50 elementor-inner-column elementor-element elementor-element-49ee606\" data-id=\"49ee606\" data-element_type=\"column\">\n\t\t\t<div class=\"elementor-widget-wrap elementor-element-populated\">\n\t\t\t\t\t\t<div class=\"elementor-element elementor-element-9999eca elementor-widget elementor-widget-heading\" data-id=\"9999eca\" data-element_type=\"widget\" data-widget_type=\"heading.default\">\n\t\t\t\t<div class=\"elementor-widget-container\">\n\t\t\t<h3 class=\"elementor-heading-title elementor-size-default\">After Shave Epsilon <\/h3>\t\t<\/div>\n\t\t\t\t<\/div>\n\t\t\t\t\t<\/div>\n\t\t<\/div>\n\t\t\t\t\t<\/div>\n\t\t<\/section>\n\t\t\t\t<div class=\"elementor-element elementor-element-30246c4 elementor-widget elementor-widget-text-editor\" data-id=\"30246c4\" data-element_type=\"widget\" data-widget_type=\"text-editor.default\">\n\t\t\t\t<div class=\"elementor-widget-container\">\n\t\t\t\t\t\t\t<p>Embalado em garrafa de vidro 500ml com obturador para uma dose perfeita. Boca universal adequada para difusores padr\u00e3o. <strong>N\u00e3o resiste a reviver os cl\u00e1ssicos.<\/strong> <strong>Feito na Espanha.<\/strong><\/p>\n\t\t\t\t\t\t<\/div>\n\t\t\t\t<\/div>\n\t\t\t\t\t<\/div>\n\t\t<\/div>\n\t\t\t\t\t<\/div>\n\t\t<\/section>\n\t\t\t\t<\/div>\n\t\t","protected":false},"excerpt":{"rendered":"<p>Da paix\u00e3o pela depila\u00e7\u00e3o cl\u00e1ssica nasceu a marca Epsilon. Uma cuidadosa selec\u00e7\u00e3o de produtos desenvolvidos para as necessidades dos mais exigentes \u201cbarbeadores\u201d e profissionais. Cada um de nossos produtos carrega consigo um intenso trabalho de desenvolvimento e estudo das preocupa\u00e7\u00f5es e tend\u00eancias do mercado. Edi\u00e7\u00f5es limitadas exclusivas de pinc\u00e9is de barbear, pinc\u00e9is &#8220;Basic&#8221; com todos &#8230; <a title=\"Epsilon\" class=\"read-more\" href=\"https:\/\/www.elmiralldistribuciones.com\/pt-pt\/epsilon\/\" aria-label=\"Leia mais sobre Epsilon\">Ler mais<\/a><\/p>\n","protected":false},"author":3,"featured_media":0,"parent":0,"menu_order":0,"comment_status":"closed","ping_status":"closed","template":"elementor_header_footer","meta":{"footnotes":""},"class_list":["post-7569","page","type-page","status-publish"],"yoast_head":"<!-- This site is optimized with the Yoast SEO plugin v24.0 - https:\/\/yoast.com\/wordpress\/plugins\/seo\/ -->\n<title>Epsilon | El Mirall Distribuciones<\/title>\n<meta name=\"robots\" content=\"index, follow, max-snippet:-1, max-image-preview:large, max-video-preview:-1\" \/>\n<link rel=\"canonical\" href=\"https:\/\/www.elmiralldistribuciones.com\/pt-pt\/epsilon\/\" \/>\n<meta property=\"og:locale\" content=\"pt_PT\" \/>\n<meta property=\"og:type\" content=\"article\" \/>\n<meta property=\"og:title\" content=\"Epsilon | El Mirall Distribuciones\" \/>\n<meta property=\"og:description\" content=\"Da paix\u00e3o pela depila\u00e7\u00e3o cl\u00e1ssica nasceu a marca Epsilon. Uma cuidadosa selec\u00e7\u00e3o de produtos desenvolvidos para as necessidades dos mais exigentes \u201cbarbeadores\u201d e profissionais. Cada um de nossos produtos carrega consigo um intenso trabalho de desenvolvimento e estudo das preocupa\u00e7\u00f5es e tend\u00eancias do mercado. Edi\u00e7\u00f5es limitadas exclusivas de pinc\u00e9is de barbear, pinc\u00e9is &#8220;Basic&#8221; com todos ... Ler mais\" \/>\n<meta property=\"og:url\" content=\"https:\/\/www.elmiralldistribuciones.com\/pt-pt\/epsilon\/\" \/>\n<meta property=\"og:site_name\" content=\"El Mirall Distribuciones\" \/>\n<meta property=\"article:publisher\" content=\"https:\/\/www.facebook.com\/elmiralldistribuciones\/\" \/>\n<meta property=\"article:modified_time\" content=\"2021-12-21T16:10:09+00:00\" \/>\n<meta property=\"og:image\" content=\"https:\/\/www.elmiralldistribuciones.com\/pruebas\/wp-content\/uploads\/2018\/03\/logo-epsilon-el-mirall-distribuciones.jpg\" \/>\n<meta name=\"twitter:card\" content=\"summary_large_image\" \/>\n<meta name=\"twitter:label1\" content=\"Tempo estimado de leitura\" \/>\n\t<meta name=\"twitter:data1\" content=\"1 minuto\" \/>\n<!-- \/ Yoast SEO plugin. -->","yoast_head_json":{"title":"Epsilon | El Mirall Distribuciones","robots":{"index":"index","follow":"follow","max-snippet":"max-snippet:-1","max-image-preview":"max-image-preview:large","max-video-preview":"max-video-preview:-1"},"canonical":"https:\/\/www.elmiralldistribuciones.com\/pt-pt\/epsilon\/","og_locale":"pt_PT","og_type":"article","og_title":"Epsilon | El Mirall Distribuciones","og_description":"Da paix\u00e3o pela depila\u00e7\u00e3o cl\u00e1ssica nasceu a marca Epsilon. Uma cuidadosa selec\u00e7\u00e3o de produtos desenvolvidos para as necessidades dos mais exigentes \u201cbarbeadores\u201d e profissionais. Cada um de nossos produtos carrega consigo um intenso trabalho de desenvolvimento e estudo das preocupa\u00e7\u00f5es e tend\u00eancias do mercado. Edi\u00e7\u00f5es limitadas exclusivas de pinc\u00e9is de barbear, pinc\u00e9is &#8220;Basic&#8221; com todos ... Ler mais","og_url":"https:\/\/www.elmiralldistribuciones.com\/pt-pt\/epsilon\/","og_site_name":"El Mirall Distribuciones","article_publisher":"https:\/\/www.facebook.com\/elmiralldistribuciones\/","article_modified_time":"2021-12-21T16:10:09+00:00","og_image":[{"url":"https:\/\/www.elmiralldistribuciones.com\/pruebas\/wp-content\/uploads\/2018\/03\/logo-epsilon-el-mirall-distribuciones.jpg","type":"","width":"","height":""}],"twitter_card":"summary_large_image","twitter_misc":{"Tempo estimado de leitura":"1 minuto"},"schema":{"@context":"https:\/\/schema.org","@graph":[{"@type":"WebPage","@id":"https:\/\/www.elmiralldistribuciones.com\/pt-pt\/epsilon\/","url":"https:\/\/www.elmiralldistribuciones.com\/pt-pt\/epsilon\/","name":"Epsilon | El Mirall Distribuciones","isPartOf":{"@id":"https:\/\/www.elmiralldistribuciones.com\/pt-pt\/#website"},"primaryImageOfPage":{"@id":"https:\/\/www.elmiralldistribuciones.com\/pt-pt\/epsilon\/#primaryimage"},"image":{"@id":"https:\/\/www.elmiralldistribuciones.com\/pt-pt\/epsilon\/#primaryimage"},"thumbnailUrl":"https:\/\/www.elmiralldistribuciones.com\/pruebas\/wp-content\/uploads\/2018\/03\/logo-epsilon-el-mirall-distribuciones.jpg","datePublished":"2021-12-21T16:10:08+00:00","dateModified":"2021-12-21T16:10:09+00:00","breadcrumb":{"@id":"https:\/\/www.elmiralldistribuciones.com\/pt-pt\/epsilon\/#breadcrumb"},"inLanguage":"pt-PT","potentialAction":[{"@type":"ReadAction","target":["https:\/\/www.elmiralldistribuciones.com\/pt-pt\/epsilon\/"]}]},{"@type":"ImageObject","inLanguage":"pt-PT","@id":"https:\/\/www.elmiralldistribuciones.com\/pt-pt\/epsilon\/#primaryimage","url":"https:\/\/www.elmiralldistribuciones.com\/pruebas\/wp-content\/uploads\/2018\/03\/logo-epsilon-el-mirall-distribuciones.jpg","contentUrl":"https:\/\/www.elmiralldistribuciones.com\/pruebas\/wp-content\/uploads\/2018\/03\/logo-epsilon-el-mirall-distribuciones.jpg"},{"@type":"BreadcrumbList","@id":"https:\/\/www.elmiralldistribuciones.com\/pt-pt\/epsilon\/#breadcrumb","itemListElement":[{"@type":"ListItem","position":1,"name":"Portada","item":"https:\/\/www.elmiralldistribuciones.com\/pt-pt\/"},{"@type":"ListItem","position":2,"name":"Epsilon"}]},{"@type":"WebSite","@id":"https:\/\/www.elmiralldistribuciones.com\/pt-pt\/#website","url":"https:\/\/www.elmiralldistribuciones.com\/pt-pt\/","name":"El Mirall Distribuciones","description":"Distribui\u00e7\u00e3o de produtos de barbear, cosm\u00e9ticos e barbearia.","publisher":{"@id":"https:\/\/www.elmiralldistribuciones.com\/pt-pt\/#organization"},"potentialAction":[{"@type":"SearchAction","target":{"@type":"EntryPoint","urlTemplate":"https:\/\/www.elmiralldistribuciones.com\/pt-pt\/?s={search_term_string}"},"query-input":{"@type":"PropertyValueSpecification","valueRequired":true,"valueName":"search_term_string"}}],"inLanguage":"pt-PT"},{"@type":"Organization","@id":"https:\/\/www.elmiralldistribuciones.com\/pt-pt\/#organization","name":"El Mirall Distribuciones","url":"https:\/\/www.elmiralldistribuciones.com\/pt-pt\/","logo":{"@type":"ImageObject","inLanguage":"pt-PT","@id":"https:\/\/www.elmiralldistribuciones.com\/pt-pt\/#\/schema\/logo\/image\/","url":"https:\/\/www.elmiralldistribuciones.com\/wp-content\/uploads\/2016\/12\/logo-cuadrado-elmirall.jpg","contentUrl":"https:\/\/www.elmiralldistribuciones.com\/wp-content\/uploads\/2016\/12\/logo-cuadrado-elmirall.jpg","width":512,"height":512,"caption":"El Mirall Distribuciones"},"image":{"@id":"https:\/\/www.elmiralldistribuciones.com\/pt-pt\/#\/schema\/logo\/image\/"},"sameAs":["https:\/\/www.facebook.com\/elmiralldistribuciones\/","https:\/\/www.instagram.com\/elmiralldistribuciones\/","https:\/\/www.youtube.com\/channel\/UCZ-qeZMG0Wpl30JliLqZtJA"]}]}},"_links":{"self":[{"href":"https:\/\/www.elmiralldistribuciones.com\/pt-pt\/wp-json\/wp\/v2\/pages\/7569","targetHints":{"allow":["GET"]}}],"collection":[{"href":"https:\/\/www.elmiralldistribuciones.com\/pt-pt\/wp-json\/wp\/v2\/pages"}],"about":[{"href":"https:\/\/www.elmiralldistribuciones.com\/pt-pt\/wp-json\/wp\/v2\/types\/page"}],"author":[{"embeddable":true,"href":"https:\/\/www.elmiralldistribuciones.com\/pt-pt\/wp-json\/wp\/v2\/users\/3"}],"replies":[{"embeddable":true,"href":"https:\/\/www.elmiralldistribuciones.com\/pt-pt\/wp-json\/wp\/v2\/comments?post=7569"}],"version-history":[{"count":0,"href":"https:\/\/www.elmiralldistribuciones.com\/pt-pt\/wp-json\/wp\/v2\/pages\/7569\/revisions"}],"wp:attachment":[{"href":"https:\/\/www.elmiralldistribuciones.com\/pt-pt\/wp-json\/wp\/v2\/media?parent=7569"}],"curies":[{"name":"wp","href":"https:\/\/api.w.org\/{rel}","templated":true}]}}