{"id":7573,"date":"2021-12-21T17:24:25","date_gmt":"2021-12-21T16:24:25","guid":{"rendered":"https:\/\/www.elmiralldistribuciones.com\/bolin-webb\/"},"modified":"2021-12-21T17:24:25","modified_gmt":"2021-12-21T16:24:25","slug":"bolin-webb","status":"publish","type":"page","link":"https:\/\/www.elmiralldistribuciones.com\/pt-pt\/bolin-webb\/","title":{"rendered":"Bolin Webb"},"content":{"rendered":"\t\t<div data-elementor-type=\"wp-page\" data-elementor-id=\"7573\" class=\"elementor elementor-7573 elementor-5687\" data-elementor-post-type=\"page\">\n\t\t\t\t\t\t<section data-particle_enable=\"false\" data-particle-mobile-disabled=\"false\" class=\"elementor-section elementor-top-section elementor-element elementor-element-5e853c8 elementor-section-boxed elementor-section-height-default elementor-section-height-default\" data-id=\"5e853c8\" data-element_type=\"section\" data-settings=\"{&quot;background_background&quot;:&quot;classic&quot;}\">\n\t\t\t\t\t\t<div class=\"elementor-container elementor-column-gap-default\">\n\t\t\t\t\t<div class=\"elementor-column elementor-col-100 elementor-top-column elementor-element elementor-element-5897249\" data-id=\"5897249\" data-element_type=\"column\">\n\t\t\t<div class=\"elementor-widget-wrap elementor-element-populated\">\n\t\t\t\t\t\t<div class=\"elementor-element elementor-element-43db5ae elementor-widget elementor-widget-image\" data-id=\"43db5ae\" data-element_type=\"widget\" data-widget_type=\"image.default\">\n\t\t\t\t<div class=\"elementor-widget-container\">\n\t\t\t\t\t\t\t\t\t\t\t\t\t<img decoding=\"async\" src=\"https:\/\/www.elmiralldistribuciones.com\/wp-content\/uploads\/elementor\/thumbs\/bolin-webb-el-mirall-distribuciones2-owk4ptydht8de10mqgc6s7a3c20xytsusjcdkuebaw.jpg\" title=\"bolin-webb-el-mirall-distribuciones2\" alt=\"Bolin Webb\" loading=\"lazy\" \/>\t\t\t\t\t\t\t\t\t\t\t\t\t<\/div>\n\t\t\t\t<\/div>\n\t\t\t\t<div class=\"elementor-element elementor-element-8027c3a elementor-widget elementor-widget-text-editor\" data-id=\"8027c3a\" data-element_type=\"widget\" data-widget_type=\"text-editor.default\">\n\t\t\t\t<div class=\"elementor-widget-container\">\n\t\t\t\t\t\t\t<div class=\"md-text-container md_text_style-5ef46175256e3 has-animation md-align-left wpb_wrapper wpb_md_text_wrapper ui-md_text show-animation\" data-animation-speed=\"400\" data-animation-delay=\"0.2\" data-animation-position=\"left\" data-animation-show=\"once\" data-animation-easing=\"Quart.easeInOut\">\n<div class=\"md-text gizmo-container\">\n<div class=\"md-text-content inline-editor \">\n<p>A marca Bolin Webb \u00e9 especializada no fabrico de m\u00e1quinas de barbear e acess\u00f3rios de qualidade. Bolin Webb recebeu quatro pr\u00eamios internacionais de design no ano passado, incluindo uma indica\u00e7\u00e3o \u00e0 British Coolbrand. Originalmente inspirado no design de carros brit\u00e2nicos cl\u00e1ssicos. Linhas curvas e equilibradas, com as cores das marcas exclusivas de luxo Ferrari, Aston Martin e Jaguar. As cores automotivas s\u00e3o aplicadas aos puxadores com os mesmos padr\u00f5es de qualidade dos seus carros. Para um barbear perfeito contam com as melhores cabe\u00e7as multi-l\u00e2minas do mercado para completar todas as suas pe\u00e7as, Gillette Mach3 e Fusion, que se acomodam nas suas s\u00e9ries R1 e X1.<\/p>\n<p>O objetivo de Bolin Webb \u00e9 criar produtos de beleza inovadores, elegantes e funcionais que tornem as experi\u00eancias di\u00e1rias excepcionais.<\/p>\n<\/div>\n<\/div>\n<\/div>\n\t\t\t\t\t\t<\/div>\n\t\t\t\t<\/div>\n\t\t\t\t<div class=\"elementor-element elementor-element-0a1e50c elementor-widget elementor-widget-eael-creative-button\" data-id=\"0a1e50c\" data-element_type=\"widget\" data-widget_type=\"eael-creative-button.default\">\n\t\t\t\t<div class=\"elementor-widget-container\">\n\t\t\t        <div class=\"eael-creative-button-wrapper\">\n\n            <a class=\"eael-creative-button eael-creative-button--nuka\" href=\"https:\/\/issuu.com\/elmiralldistribuciones\/docs\/bolinwebb-brochure-1808\" data-text=\"Go!\">\n\n\t    \n                <div class=\"creative-button-inner\">\n\n                                            <span class=\"eael-creative-button-icon-left\"><\/span>                    \n                    <span class=\"cretive-button-text\">VER CAT\u00c1LOGO INTERATIVO<\/span>\n\n                                    <\/div>\n\t                        <\/a>\n        <\/div>\n\t\t<\/div>\n\t\t\t\t<\/div>\n\t\t\t\t<div class=\"elementor-element elementor-element-0285e5c elementor-view-default elementor-widget elementor-widget-icon\" data-id=\"0285e5c\" data-element_type=\"widget\" data-widget_type=\"icon.default\">\n\t\t\t\t<div class=\"elementor-widget-container\">\n\t\t\t\t\t<div class=\"elementor-icon-wrapper\">\n\t\t\t<div class=\"elementor-icon\">\n\t\t\t<i aria-hidden=\"true\" class=\"fas fa-angle-down\"><\/i>\t\t\t<\/div>\n\t\t<\/div>\n\t\t\t\t<\/div>\n\t\t\t\t<\/div>\n\t\t\t\t\t<\/div>\n\t\t<\/div>\n\t\t\t\t\t<\/div>\n\t\t<\/section>\n\t\t\t\t<section data-particle_enable=\"false\" data-particle-mobile-disabled=\"false\" class=\"elementor-section elementor-top-section elementor-element elementor-element-349369f elementor-section-stretched elementor-section-full_width elementor-section-height-default elementor-section-height-default\" data-id=\"349369f\" data-element_type=\"section\" data-settings=\"{&quot;stretch_section&quot;:&quot;section-stretched&quot;}\">\n\t\t\t\t\t\t<div class=\"elementor-container elementor-column-gap-default\">\n\t\t\t\t\t<div class=\"elementor-column elementor-col-100 elementor-top-column elementor-element elementor-element-d5bac19\" data-id=\"d5bac19\" data-element_type=\"column\">\n\t\t\t<div class=\"elementor-widget-wrap elementor-element-populated\">\n\t\t\t\t\t\t<div class=\"elementor-element elementor-element-704b3fc elementor-pagination-position-outside elementor-widget elementor-widget-image-carousel\" data-id=\"704b3fc\" data-element_type=\"widget\" data-settings=\"{&quot;navigation&quot;:&quot;dots&quot;,&quot;autoplay_speed&quot;:2500,&quot;autoplay&quot;:&quot;yes&quot;,&quot;pause_on_hover&quot;:&quot;yes&quot;,&quot;pause_on_interaction&quot;:&quot;yes&quot;,&quot;infinite&quot;:&quot;yes&quot;,&quot;speed&quot;:500,&quot;image_spacing_custom&quot;:{&quot;unit&quot;:&quot;px&quot;,&quot;size&quot;:20,&quot;sizes&quot;:[]},&quot;image_spacing_custom_tablet&quot;:{&quot;unit&quot;:&quot;px&quot;,&quot;size&quot;:&quot;&quot;,&quot;sizes&quot;:[]},&quot;image_spacing_custom_mobile&quot;:{&quot;unit&quot;:&quot;px&quot;,&quot;size&quot;:&quot;&quot;,&quot;sizes&quot;:[]}}\" data-widget_type=\"image-carousel.default\">\n\t\t\t\t<div class=\"elementor-widget-container\">\n\t\t\t\t\t<div class=\"elementor-image-carousel-wrapper swiper\" dir=\"ltr\">\n\t\t\t<div class=\"elementor-image-carousel swiper-wrapper\" aria-live=\"off\">\n\t\t\t\t\t\t\t\t<div class=\"swiper-slide\" role=\"group\" aria-roledescription=\"slide\" aria-label=\"1 of 5\"><figure class=\"swiper-slide-inner\"><img decoding=\"async\" class=\"swiper-slide-image\" src=\"https:\/\/www.elmiralldistribuciones.com\/wp-content\/uploads\/2017\/09\/bolin-web-espana-1024x737.jpg\" alt=\"Bolin Webb Razors\" \/><\/figure><\/div><div class=\"swiper-slide\" role=\"group\" aria-roledescription=\"slide\" aria-label=\"2 of 5\"><figure class=\"swiper-slide-inner\"><img decoding=\"async\" class=\"swiper-slide-image\" src=\"https:\/\/www.elmiralldistribuciones.com\/wp-content\/uploads\/2017\/09\/bolin-webb-elmiralldistribuciones-1024x737.jpg\" alt=\"L\u00e2minas Bolin Webb\" \/><\/figure><\/div><div class=\"swiper-slide\" role=\"group\" aria-roledescription=\"slide\" aria-label=\"3 of 5\"><figure class=\"swiper-slide-inner\"><img decoding=\"async\" class=\"swiper-slide-image\" src=\"https:\/\/www.elmiralldistribuciones.com\/wp-content\/uploads\/2017\/09\/bolin-web-distribuidor-1024x737.jpg\" alt=\"Distribuidor Bolin Webb\" \/><\/figure><\/div><div class=\"swiper-slide\" role=\"group\" aria-roledescription=\"slide\" aria-label=\"4 of 5\"><figure class=\"swiper-slide-inner\"><img decoding=\"async\" class=\"swiper-slide-image\" src=\"https:\/\/www.elmiralldistribuciones.com\/wp-content\/uploads\/2017\/09\/bolin-webb-razor-case-1024x737.jpg\" alt=\"Bolin Webb en El Mirall Distribuciones\" \/><\/figure><\/div><div class=\"swiper-slide\" role=\"group\" aria-roledescription=\"slide\" aria-label=\"5 of 5\"><figure class=\"swiper-slide-inner\"><img decoding=\"async\" class=\"swiper-slide-image\" src=\"https:\/\/www.elmiralldistribuciones.com\/wp-content\/uploads\/2017\/09\/bolin-web-wash-bad-1024x737.jpg\" alt=\"Bolin Webb Espanha e Portugal\" \/><\/figure><\/div>\t\t\t<\/div>\n\t\t\t\t\t\t\t\n\t\t\t\t\t\t\t\t\t<div class=\"swiper-pagination\"><\/div>\n\t\t\t\t\t\t\t\t\t<\/div>\n\t\t\t\t<\/div>\n\t\t\t\t<\/div>\n\t\t\t\t\t<\/div>\n\t\t<\/div>\n\t\t\t\t\t<\/div>\n\t\t<\/section>\n\t\t\t\t<\/div>\n\t\t","protected":false},"excerpt":{"rendered":"<p>A marca Bolin Webb \u00e9 especializada no fabrico de m\u00e1quinas de barbear e acess\u00f3rios de qualidade. Bolin Webb recebeu quatro pr\u00eamios internacionais de design no ano passado, incluindo uma indica\u00e7\u00e3o \u00e0 British Coolbrand. Originalmente inspirado no design de carros brit\u00e2nicos cl\u00e1ssicos. Linhas curvas e equilibradas, com as cores das marcas exclusivas de luxo Ferrari, Aston &#8230; <a title=\"Bolin Webb\" class=\"read-more\" href=\"https:\/\/www.elmiralldistribuciones.com\/pt-pt\/bolin-webb\/\" aria-label=\"Leia mais sobre Bolin Webb\">Ler mais<\/a><\/p>\n","protected":false},"author":3,"featured_media":0,"parent":0,"menu_order":0,"comment_status":"closed","ping_status":"closed","template":"elementor_header_footer","meta":{"footnotes":""},"class_list":["post-7573","page","type-page","status-publish"],"yoast_head":"<!-- This site is optimized with the Yoast SEO plugin v24.0 - https:\/\/yoast.com\/wordpress\/plugins\/seo\/ -->\n<title>Bolin Webb | El Mirall Distribuciones<\/title>\n<meta name=\"robots\" content=\"index, follow, max-snippet:-1, max-image-preview:large, max-video-preview:-1\" \/>\n<link rel=\"canonical\" href=\"https:\/\/www.elmiralldistribuciones.com\/pt-pt\/bolin-webb\/\" \/>\n<meta property=\"og:locale\" content=\"pt_PT\" \/>\n<meta property=\"og:type\" content=\"article\" \/>\n<meta property=\"og:title\" content=\"Bolin Webb | El Mirall Distribuciones\" \/>\n<meta property=\"og:description\" content=\"A marca Bolin Webb \u00e9 especializada no fabrico de m\u00e1quinas de barbear e acess\u00f3rios de qualidade. Bolin Webb recebeu quatro pr\u00eamios internacionais de design no ano passado, incluindo uma indica\u00e7\u00e3o \u00e0 British Coolbrand. Originalmente inspirado no design de carros brit\u00e2nicos cl\u00e1ssicos. Linhas curvas e equilibradas, com as cores das marcas exclusivas de luxo Ferrari, Aston ... Ler mais\" \/>\n<meta property=\"og:url\" content=\"https:\/\/www.elmiralldistribuciones.com\/pt-pt\/bolin-webb\/\" \/>\n<meta property=\"og:site_name\" content=\"El Mirall Distribuciones\" \/>\n<meta property=\"article:publisher\" content=\"https:\/\/www.facebook.com\/elmiralldistribuciones\/\" \/>\n<meta property=\"og:image\" content=\"https:\/\/www.elmiralldistribuciones.com\/pruebas\/wp-content\/uploads\/2015\/12\/bolin-webb-el-mirall-distribuciones2.jpg\" \/>\n<meta name=\"twitter:card\" content=\"summary_large_image\" \/>\n<meta name=\"twitter:label1\" content=\"Tempo estimado de leitura\" \/>\n\t<meta name=\"twitter:data1\" content=\"1 minuto\" \/>\n<!-- \/ Yoast SEO plugin. -->","yoast_head_json":{"title":"Bolin Webb | El Mirall Distribuciones","robots":{"index":"index","follow":"follow","max-snippet":"max-snippet:-1","max-image-preview":"max-image-preview:large","max-video-preview":"max-video-preview:-1"},"canonical":"https:\/\/www.elmiralldistribuciones.com\/pt-pt\/bolin-webb\/","og_locale":"pt_PT","og_type":"article","og_title":"Bolin Webb | El Mirall Distribuciones","og_description":"A marca Bolin Webb \u00e9 especializada no fabrico de m\u00e1quinas de barbear e acess\u00f3rios de qualidade. Bolin Webb recebeu quatro pr\u00eamios internacionais de design no ano passado, incluindo uma indica\u00e7\u00e3o \u00e0 British Coolbrand. Originalmente inspirado no design de carros brit\u00e2nicos cl\u00e1ssicos. Linhas curvas e equilibradas, com as cores das marcas exclusivas de luxo Ferrari, Aston ... Ler mais","og_url":"https:\/\/www.elmiralldistribuciones.com\/pt-pt\/bolin-webb\/","og_site_name":"El Mirall Distribuciones","article_publisher":"https:\/\/www.facebook.com\/elmiralldistribuciones\/","og_image":[{"url":"https:\/\/www.elmiralldistribuciones.com\/pruebas\/wp-content\/uploads\/2015\/12\/bolin-webb-el-mirall-distribuciones2.jpg","type":"","width":"","height":""}],"twitter_card":"summary_large_image","twitter_misc":{"Tempo estimado de leitura":"1 minuto"},"schema":{"@context":"https:\/\/schema.org","@graph":[{"@type":"WebPage","@id":"https:\/\/www.elmiralldistribuciones.com\/pt-pt\/bolin-webb\/","url":"https:\/\/www.elmiralldistribuciones.com\/pt-pt\/bolin-webb\/","name":"Bolin Webb | El Mirall Distribuciones","isPartOf":{"@id":"https:\/\/www.elmiralldistribuciones.com\/pt-pt\/#website"},"primaryImageOfPage":{"@id":"https:\/\/www.elmiralldistribuciones.com\/pt-pt\/bolin-webb\/#primaryimage"},"image":{"@id":"https:\/\/www.elmiralldistribuciones.com\/pt-pt\/bolin-webb\/#primaryimage"},"thumbnailUrl":"https:\/\/www.elmiralldistribuciones.com\/pruebas\/wp-content\/uploads\/2015\/12\/bolin-webb-el-mirall-distribuciones2.jpg","datePublished":"2021-12-21T16:24:25+00:00","dateModified":"2021-12-21T16:24:25+00:00","breadcrumb":{"@id":"https:\/\/www.elmiralldistribuciones.com\/pt-pt\/bolin-webb\/#breadcrumb"},"inLanguage":"pt-PT","potentialAction":[{"@type":"ReadAction","target":["https:\/\/www.elmiralldistribuciones.com\/pt-pt\/bolin-webb\/"]}]},{"@type":"ImageObject","inLanguage":"pt-PT","@id":"https:\/\/www.elmiralldistribuciones.com\/pt-pt\/bolin-webb\/#primaryimage","url":"https:\/\/www.elmiralldistribuciones.com\/pruebas\/wp-content\/uploads\/2015\/12\/bolin-webb-el-mirall-distribuciones2.jpg","contentUrl":"https:\/\/www.elmiralldistribuciones.com\/pruebas\/wp-content\/uploads\/2015\/12\/bolin-webb-el-mirall-distribuciones2.jpg"},{"@type":"BreadcrumbList","@id":"https:\/\/www.elmiralldistribuciones.com\/pt-pt\/bolin-webb\/#breadcrumb","itemListElement":[{"@type":"ListItem","position":1,"name":"Portada","item":"https:\/\/www.elmiralldistribuciones.com\/pt-pt\/"},{"@type":"ListItem","position":2,"name":"Bolin Webb"}]},{"@type":"WebSite","@id":"https:\/\/www.elmiralldistribuciones.com\/pt-pt\/#website","url":"https:\/\/www.elmiralldistribuciones.com\/pt-pt\/","name":"El Mirall Distribuciones","description":"Distribui\u00e7\u00e3o de produtos de barbear, cosm\u00e9ticos e barbearia.","publisher":{"@id":"https:\/\/www.elmiralldistribuciones.com\/pt-pt\/#organization"},"potentialAction":[{"@type":"SearchAction","target":{"@type":"EntryPoint","urlTemplate":"https:\/\/www.elmiralldistribuciones.com\/pt-pt\/?s={search_term_string}"},"query-input":{"@type":"PropertyValueSpecification","valueRequired":true,"valueName":"search_term_string"}}],"inLanguage":"pt-PT"},{"@type":"Organization","@id":"https:\/\/www.elmiralldistribuciones.com\/pt-pt\/#organization","name":"El Mirall Distribuciones","url":"https:\/\/www.elmiralldistribuciones.com\/pt-pt\/","logo":{"@type":"ImageObject","inLanguage":"pt-PT","@id":"https:\/\/www.elmiralldistribuciones.com\/pt-pt\/#\/schema\/logo\/image\/","url":"https:\/\/www.elmiralldistribuciones.com\/wp-content\/uploads\/2016\/12\/logo-cuadrado-elmirall.jpg","contentUrl":"https:\/\/www.elmiralldistribuciones.com\/wp-content\/uploads\/2016\/12\/logo-cuadrado-elmirall.jpg","width":512,"height":512,"caption":"El Mirall Distribuciones"},"image":{"@id":"https:\/\/www.elmiralldistribuciones.com\/pt-pt\/#\/schema\/logo\/image\/"},"sameAs":["https:\/\/www.facebook.com\/elmiralldistribuciones\/","https:\/\/www.instagram.com\/elmiralldistribuciones\/","https:\/\/www.youtube.com\/channel\/UCZ-qeZMG0Wpl30JliLqZtJA"]}]}},"_links":{"self":[{"href":"https:\/\/www.elmiralldistribuciones.com\/pt-pt\/wp-json\/wp\/v2\/pages\/7573","targetHints":{"allow":["GET"]}}],"collection":[{"href":"https:\/\/www.elmiralldistribuciones.com\/pt-pt\/wp-json\/wp\/v2\/pages"}],"about":[{"href":"https:\/\/www.elmiralldistribuciones.com\/pt-pt\/wp-json\/wp\/v2\/types\/page"}],"author":[{"embeddable":true,"href":"https:\/\/www.elmiralldistribuciones.com\/pt-pt\/wp-json\/wp\/v2\/users\/3"}],"replies":[{"embeddable":true,"href":"https:\/\/www.elmiralldistribuciones.com\/pt-pt\/wp-json\/wp\/v2\/comments?post=7573"}],"version-history":[{"count":0,"href":"https:\/\/www.elmiralldistribuciones.com\/pt-pt\/wp-json\/wp\/v2\/pages\/7573\/revisions"}],"wp:attachment":[{"href":"https:\/\/www.elmiralldistribuciones.com\/pt-pt\/wp-json\/wp\/v2\/media?parent=7573"}],"curies":[{"name":"wp","href":"https:\/\/api.w.org\/{rel}","templated":true}]}}